{"id":3547,"date":"2020-05-15T11:52:08","date_gmt":"2020-05-15T09:52:08","guid":{"rendered":"https:\/\/arlaux.com\/?page_id=3547"},"modified":"2021-01-30T18:44:47","modified_gmt":"2021-01-30T17:44:47","slug":"pour-le-plaisir-de-partager","status":"publish","type":"page","link":"https:\/\/arlaux.com\/fr\/art-de-vivre\/pour-le-plaisir-de-partager\/","title":{"rendered":"Pour le plaisir de partager"},"content":{"rendered":"<section class=\"wpb-content-wrapper\"><p>[vc_row row_type=\u00a0\u00bbrow\u00a0\u00bb use_row_as_full_screen_section=\u00a0\u00bbno\u00a0\u00bb type=\u00a0\u00bbfull_width\u00a0\u00bb text_align=\u00a0\u00bbleft\u00a0\u00bb video=\u00a0\u00bb\u00a0\u00bb css_animation=\u00a0\u00bb\u00a0\u00bb box_shadow_on_row=\u00a0\u00bbno\u00a0\u00bb][vc_column][vc_single_image image=\u00a0\u00bb2341&Prime; img_size=\u00a0\u00bb180&#215;140&Prime; eltd_css_animation=\u00a0\u00bb\u00a0\u00bb css=\u00a0\u00bb.vc_custom_1590605531949{padding-top: 5px !important;padding-left: 20px !important;}\u00a0\u00bb el_class=\u00a0\u00bblogo-arlaux\u00a0\u00bb][\/vc_column][\/vc_row][vc_row row_type=\u00a0\u00bbrow\u00a0\u00bb use_row_as_full_screen_section=\u00a0\u00bbno\u00a0\u00bb type=\u00a0\u00bbgrid\u00a0\u00bb text_align=\u00a0\u00bbleft\u00a0\u00bb video=\u00a0\u00bb\u00a0\u00bb css_animation=\u00a0\u00bb\u00a0\u00bb box_shadow_on_row=\u00a0\u00bbno\u00a0\u00bb][vc_column][vc_column_text el_class=\u00a0\u00bbenglish-font\u00a0\u00bb]<\/p>\n<h4 style=\"text-align: center;\">Pour le plaisir de<\/h4>\n<p>[\/vc_column_text][vc_column_text css=\u00a0\u00bb.vc_custom_1593640626218{margin-top: 10px !important;}\u00a0\u00bb]<\/p>\n<h3 style=\"text-align: center;\">Partager<\/h3>\n<p>[\/vc_column_text][vc_separator type=\u00a0\u00bbsmall\u00a0\u00bb position=\u00a0\u00bbcenter\u00a0\u00bb width=\u00a0\u00bb120&Prime; thickness=\u00a0\u00bb2&Prime; up=\u00a0\u00bb25&Prime; down=\u00a0\u00bb40&Prime;][vc_column_text css=\u00a0\u00bb.vc_custom_1612028684364{margin-bottom: 50px !important;}\u00a0\u00bb]<\/p>\n<p style=\"text-align: center;\">Les plaisirs de la table, c&rsquo;est partager une bonne bouteille. Retrouver un ami, c\u00e9l\u00e9brer le r\u00e9tablissement d&rsquo;un proche, f\u00eater tous ensemble la victoire de son \u00e9quipe favorite, recevoir un dipl\u00f4me, r\u00e9ussir l&rsquo;ascension d&rsquo;un sommet tant redout\u00e9, ou tout simplement profiter de l&rsquo;instant, autant de moments de convivialit\u00e9 et d&rsquo;occasion de faire sauter joyeusement un bouchon de champagne. Oublions les codes et les verres en cristal! Partager, c&rsquo;est offrir du bonheur et go\u00fbter la vie!<\/p>\n<p>[\/vc_column_text][vc_single_image image=\u00a0\u00bb3063&Prime; img_size=\u00a0\u00bblarge\u00a0\u00bb alignment=\u00a0\u00bbcenter\u00a0\u00bb eltd_css_animation=\u00a0\u00bb\u00a0\u00bb][\/vc_column][\/vc_row][vc_row row_type=\u00a0\u00bbrow\u00a0\u00bb use_row_as_full_screen_section=\u00a0\u00bbno\u00a0\u00bb type=\u00a0\u00bbfull_width\u00a0\u00bb text_align=\u00a0\u00bbcenter\u00a0\u00bb video=\u00a0\u00bb\u00a0\u00bb padding_top=\u00a0\u00bb30&Prime; padding_bottom=\u00a0\u00bb30&Prime; css_animation=\u00a0\u00bb\u00a0\u00bb box_shadow_on_row=\u00a0\u00bbno\u00a0\u00bb][vc_column]<a href=\"https:\/\/arlaux.com\/fr\/art-de-vivre\/\" target=\"_self\"  class=\"qbutton  icon_right\" style=\"\">Retour<\/a>[\/vc_column][\/vc_row][vc_row row_type=\u00a0\u00bbrow\u00a0\u00bb use_row_as_full_screen_section=\u00a0\u00bbno\u00a0\u00bb type=\u00a0\u00bbfull_width\u00a0\u00bb text_align=\u00a0\u00bbleft\u00a0\u00bb video=\u00a0\u00bb\u00a0\u00bb background_image=\u00a0\u00bb3583&Prime; css_animation=\u00a0\u00bb\u00a0\u00bb box_shadow_on_row=\u00a0\u00bbno\u00a0\u00bb][vc_column][no_elements_holder number_of_columns=\u00a0\u00bbone_column\u00a0\u00bb][no_elements_holder_item aligment=\u00a0\u00bbleft\u00a0\u00bb advanced_animations=\u00a0\u00bbno\u00a0\u00bb][vc_single_image image=\u00a0\u00bb2597&Prime; img_size=\u00a0\u00bb167&#215;208&Prime; alignment=\u00a0\u00bbcenter\u00a0\u00bb eltd_css_animation=\u00a0\u00bb\u00a0\u00bb css=\u00a0\u00bb.vc_custom_1590150339075{padding-top: 40px !important;padding-bottom: 40px !important;}\u00a0\u00bb][\/no_elements_holder_item][\/no_elements_holder][\/vc_column][\/vc_row]<\/p>\n<\/section>","protected":false},"excerpt":{"rendered":"<p>[vc_row row_type=\u00a0\u00bbrow\u00a0\u00bb use_row_as_full_screen_section=\u00a0\u00bbno\u00a0\u00bb type=\u00a0\u00bbfull_width\u00a0\u00bb text_align=\u00a0\u00bbleft\u00a0\u00bb video=\u00a0\u00bb\u00a0\u00bb css_animation=\u00a0\u00bb\u00a0\u00bb box_shadow_on_row=\u00a0\u00bbno\u00a0\u00bb][vc_column][vc_single_image image=\u00a0\u00bb2341&Prime; img_size=\u00a0\u00bb180&#215;140&Prime; eltd_css_animation=\u00a0\u00bb\u00a0\u00bb css=\u00a0\u00bb.vc_custom_1590605531949{padding-top: 5px !important;padding-left: 20px !important;}\u00a0\u00bb el_class=\u00a0\u00bblogo-arlaux\u00a0\u00bb][\/vc_column][\/vc_row][vc_row row_type=\u00a0\u00bbrow\u00a0\u00bb use_row_as_full_screen_section=\u00a0\u00bbno\u00a0\u00bb type=\u00a0\u00bbgrid\u00a0\u00bb text_align=\u00a0\u00bbleft\u00a0\u00bb video=\u00a0\u00bb\u00a0\u00bb css_animation=\u00a0\u00bb\u00a0\u00bb box_shadow_on_row=\u00a0\u00bbno\u00a0\u00bb][vc_column][vc_column_text el_class=\u00a0\u00bbenglish-font\u00a0\u00bb] Pour le plaisir de [\/vc_column_text][vc_column_text css=\u00a0\u00bb.vc_custom_1593640626218{margin-top: 10px !important;}\u00a0\u00bb] Partager [\/vc_column_text][vc_separator type=\u00a0\u00bbsmall\u00a0\u00bb position=\u00a0\u00bbcenter\u00a0\u00bb width=\u00a0\u00bb120&Prime; thickness=\u00a0\u00bb2&Prime; up=\u00a0\u00bb25&Prime; down=\u00a0\u00bb40&Prime;][vc_column_text css=\u00a0\u00bb.vc_custom_1612028684364{margin-bottom: 50px !important;}\u00a0\u00bb] Les&#8230;<\/p>\n","protected":false},"author":1,"featured_media":0,"parent":2189,"menu_order":430,"comment_status":"closed","ping_status":"closed","template":"full_width.php","meta":{"footnotes":""},"class_list":["post-3547","page","type-page","status-publish","hentry"],"yoast_head":"<!-- This site is optimized with the Yoast SEO plugin v25.1 - https:\/\/yoast.com\/wordpress\/plugins\/seo\/ -->\n<title>Pour le plaisir de partager - Arlaux Champagne<\/title>\n<meta name=\"description\" content=\"Avec de fines bulles et des ar\u00f4mes d\u00e9licats, les Champagnes Arlaux sont uniques depuis 1826.L\u2019abus d\u2019alcool est dangereux pour la sant\u00e9. A consommer avec mod\u00e9ration.\" \/>\n<meta name=\"robots\" content=\"index, follow, max-snippet:-1, max-image-preview:large, max-video-preview:-1\" \/>\n<link rel=\"canonical\" href=\"https:\/\/arlaux.com\/fr\/art-de-vivre\/pour-le-plaisir-de-partager\/\" \/>\n<meta property=\"og:locale\" content=\"fr_FR\" \/>\n<meta property=\"og:type\" content=\"article\" \/>\n<meta property=\"og:title\" content=\"Pour le plaisir de partager - Arlaux Champagne\" \/>\n<meta property=\"og:description\" content=\"Avec de fines bulles et des ar\u00f4mes d\u00e9licats, les Champagnes Arlaux sont uniques depuis 1826.L\u2019abus d\u2019alcool est dangereux pour la sant\u00e9. A consommer avec mod\u00e9ration.\" \/>\n<meta property=\"og:url\" content=\"https:\/\/arlaux.com\/fr\/art-de-vivre\/pour-le-plaisir-de-partager\/\" \/>\n<meta property=\"og:site_name\" content=\"Arlaux Champagne\" \/>\n<meta property=\"article:publisher\" content=\"https:\/\/twitter.com\/ArlauxChampagne\" \/>\n<meta property=\"article:modified_time\" content=\"2021-01-30T17:44:47+00:00\" \/>\n<meta name=\"twitter:card\" content=\"summary_large_image\" \/>\n<meta name=\"twitter:site\" content=\"@ArlauxChampagne\" \/>\n<meta name=\"twitter:label1\" content=\"Dur\u00e9e de lecture estim\u00e9e\" \/>\n\t<meta name=\"twitter:data1\" content=\"1 minute\" \/>\n<!-- \/ Yoast SEO plugin. -->","yoast_head_json":{"title":"Pour le plaisir de partager - Arlaux Champagne","description":"Avec de fines bulles et des ar\u00f4mes d\u00e9licats, les Champagnes Arlaux sont uniques depuis 1826.L\u2019abus d\u2019alcool est dangereux pour la sant\u00e9. A consommer avec mod\u00e9ration.","robots":{"index":"index","follow":"follow","max-snippet":"max-snippet:-1","max-image-preview":"max-image-preview:large","max-video-preview":"max-video-preview:-1"},"canonical":"https:\/\/arlaux.com\/fr\/art-de-vivre\/pour-le-plaisir-de-partager\/","og_locale":"fr_FR","og_type":"article","og_title":"Pour le plaisir de partager - Arlaux Champagne","og_description":"Avec de fines bulles et des ar\u00f4mes d\u00e9licats, les Champagnes Arlaux sont uniques depuis 1826.L\u2019abus d\u2019alcool est dangereux pour la sant\u00e9. A consommer avec mod\u00e9ration.","og_url":"https:\/\/arlaux.com\/fr\/art-de-vivre\/pour-le-plaisir-de-partager\/","og_site_name":"Arlaux Champagne","article_publisher":"https:\/\/twitter.com\/ArlauxChampagne","article_modified_time":"2021-01-30T17:44:47+00:00","twitter_card":"summary_large_image","twitter_site":"@ArlauxChampagne","twitter_misc":{"Dur\u00e9e de lecture estim\u00e9e":"1 minute"},"schema":{"@context":"https:\/\/schema.org","@graph":[{"@type":"WebPage","@id":"https:\/\/arlaux.com\/fr\/art-de-vivre\/pour-le-plaisir-de-partager\/","url":"https:\/\/arlaux.com\/fr\/art-de-vivre\/pour-le-plaisir-de-partager\/","name":"Pour le plaisir de partager - Arlaux Champagne","isPartOf":{"@id":"https:\/\/arlaux.com\/fr\/#website"},"datePublished":"2020-05-15T09:52:08+00:00","dateModified":"2021-01-30T17:44:47+00:00","description":"Avec de fines bulles et des ar\u00f4mes d\u00e9licats, les Champagnes Arlaux sont uniques depuis 1826.L\u2019abus d\u2019alcool est dangereux pour la sant\u00e9. A consommer avec mod\u00e9ration.","breadcrumb":{"@id":"https:\/\/arlaux.com\/fr\/art-de-vivre\/pour-le-plaisir-de-partager\/#breadcrumb"},"inLanguage":"fr-FR","potentialAction":[{"@type":"ReadAction","target":["https:\/\/arlaux.com\/fr\/art-de-vivre\/pour-le-plaisir-de-partager\/"]}]},{"@type":"BreadcrumbList","@id":"https:\/\/arlaux.com\/fr\/art-de-vivre\/pour-le-plaisir-de-partager\/#breadcrumb","itemListElement":[{"@type":"ListItem","position":1,"name":"Home","item":"https:\/\/arlaux.com\/fr\/"},{"@type":"ListItem","position":2,"name":"Art de vivre","item":"https:\/\/arlaux.com\/fr\/art-de-vivre\/"},{"@type":"ListItem","position":3,"name":"Pour le plaisir de partager"}]},{"@type":"WebSite","@id":"https:\/\/arlaux.com\/fr\/#website","url":"https:\/\/arlaux.com\/fr\/","name":"Arlaux Champagne","description":"Premier Cru depuis 1826","publisher":{"@id":"https:\/\/arlaux.com\/fr\/#organization"},"potentialAction":[{"@type":"SearchAction","target":{"@type":"EntryPoint","urlTemplate":"https:\/\/arlaux.com\/fr\/?s={search_term_string}"},"query-input":{"@type":"PropertyValueSpecification","valueRequired":true,"valueName":"search_term_string"}}],"inLanguage":"fr-FR"},{"@type":"Organization","@id":"https:\/\/arlaux.com\/fr\/#organization","name":"Arlaux Champagne","url":"https:\/\/arlaux.com\/fr\/","logo":{"@type":"ImageObject","inLanguage":"fr-FR","@id":"https:\/\/arlaux.com\/fr\/#\/schema\/logo\/image\/","url":"https:\/\/arlaux.com\/wp-content\/uploads\/2020\/09\/Logo-Arlaux-180E06-portfolo.png","contentUrl":"https:\/\/arlaux.com\/wp-content\/uploads\/2020\/09\/Logo-Arlaux-180E06-portfolo.png","width":185,"height":150,"caption":"Arlaux Champagne"},"image":{"@id":"https:\/\/arlaux.com\/fr\/#\/schema\/logo\/image\/"},"sameAs":["https:\/\/twitter.com\/ArlauxChampagne","https:\/\/x.com\/ArlauxChampagne","https:\/\/www.instagram.com\/arlauxchampagneofficial\/?hl=fr"]}]}},"_links":{"self":[{"href":"https:\/\/arlaux.com\/fr\/wp-json\/wp\/v2\/pages\/3547","targetHints":{"allow":["GET"]}}],"collection":[{"href":"https:\/\/arlaux.com\/fr\/wp-json\/wp\/v2\/pages"}],"about":[{"href":"https:\/\/arlaux.com\/fr\/wp-json\/wp\/v2\/types\/page"}],"author":[{"embeddable":true,"href":"https:\/\/arlaux.com\/fr\/wp-json\/wp\/v2\/users\/1"}],"replies":[{"embeddable":true,"href":"https:\/\/arlaux.com\/fr\/wp-json\/wp\/v2\/comments?post=3547"}],"version-history":[{"count":4,"href":"https:\/\/arlaux.com\/fr\/wp-json\/wp\/v2\/pages\/3547\/revisions"}],"predecessor-version":[{"id":3852,"href":"https:\/\/arlaux.com\/fr\/wp-json\/wp\/v2\/pages\/3547\/revisions\/3852"}],"up":[{"embeddable":true,"href":"https:\/\/arlaux.com\/fr\/wp-json\/wp\/v2\/pages\/2189"}],"wp:attachment":[{"href":"https:\/\/arlaux.com\/fr\/wp-json\/wp\/v2\/media?parent=3547"}],"curies":[{"name":"wp","href":"https:\/\/api.w.org\/{rel}","templated":true}]}}