{"id":3219,"date":"2020-04-07T13:20:07","date_gmt":"2020-04-07T11:20:07","guid":{"rendered":"https:\/\/arlaux.com\/?page_id=3219"},"modified":"2020-09-30T22:45:20","modified_gmt":"2020-09-30T20:45:20","slug":"charte-des-donnees-personnelles-et-cookies","status":"publish","type":"page","link":"https:\/\/arlaux.com\/fr\/charte-des-donnees-personnelles-et-cookies\/","title":{"rendered":"Charte des donn\u00e9es personnelles et cookies"},"content":{"rendered":"<section class=\"wpb-content-wrapper\"><p>[vc_row row_type=\u00a0\u00bbrow\u00a0\u00bb use_row_as_full_screen_section=\u00a0\u00bbno\u00a0\u00bb type=\u00a0\u00bbfull_width\u00a0\u00bb text_align=\u00a0\u00bbleft\u00a0\u00bb video=\u00a0\u00bb\u00a0\u00bb css_animation=\u00a0\u00bb\u00a0\u00bb box_shadow_on_row=\u00a0\u00bbno\u00a0\u00bb][vc_column][vc_single_image image=\u00a0\u00bb2341&Prime; img_size=\u00a0\u00bb180&#215;140&Prime; eltd_css_animation=\u00a0\u00bb\u00a0\u00bb css=\u00a0\u00bb.vc_custom_1590605531949{padding-top: 5px !important;padding-left: 20px !important;}\u00a0\u00bb el_class=\u00a0\u00bblogo-arlaux\u00a0\u00bb][\/vc_column][\/vc_row][vc_row row_type=\u00a0\u00bbrow\u00a0\u00bb use_row_as_full_screen_section=\u00a0\u00bbno\u00a0\u00bb type=\u00a0\u00bbfull_width\u00a0\u00bb text_align=\u00a0\u00bbleft\u00a0\u00bb video=\u00a0\u00bb\u00a0\u00bb padding_top=\u00a0\u00bb20&Prime; padding_bottom=\u00a0\u00bb50&Prime; css_animation=\u00a0\u00bb\u00a0\u00bb box_shadow_on_row=\u00a0\u00bbno\u00a0\u00bb][vc_column][vc_column_text]<\/p>\n<h3 style=\"text-align: center; margin-bottom: 40px;\">Charte des donn\u00e9es personnelles et cookies<\/h3>\n<p>[\/vc_column_text][vc_column_text el_class=\u00a0\u00bbterms-and-cookies-pages\u00a0\u00bb]<\/p>\n<ol>\n<li><strong> IDENTIT\u00c9 ET COORDONN\u00c9ES DU RESPONSABLE DE TRAITEMENT<\/strong><\/li>\n<\/ol>\n<p>Le site www.arlaux.com (le \u00ab Site \u00bb) est op\u00e9r\u00e9 par ARLAUX SAS ayant son si\u00e8ge social \u00e0 91, rue du Faubourg Saint-Honor\u00e9, 75008 Paris, France, immatricul\u00e9e sous le num\u00e9ro 500 917 273 RCS Paris (\u00ab Arlaux\u00bb ou \u00ab nous \u00bb) ayant la qualit\u00e9 de responsable de traitement au sens de la r\u00e9glementation applicable en mati\u00e8re de donn\u00e9es personnelles y compris la loi n\u00b078-17 \u00ab\u00a0Informatique et Libert\u00e9s\u00a0\u00bb du 6 janvier 1978 (modifi\u00e9e).<\/p>\n<p>&nbsp;<\/p>\n<ol start=\"2\">\n<li><strong> DONN\u00c9ES TRAIT\u00c9ES, FONDEMENTS ET FINALIT\u00c9S DU TRAITEMENT<\/strong><\/li>\n<\/ol>\n<p>Les donn\u00e9es personnelles vous concernant collect\u00e9es et trait\u00e9es (ci-apr\u00e8s, vos \u00ab\u00a0Donn\u00e9es\u00a0\u00bb) sont principalement, selon les services du Site utilis\u00e9s, vos choix et le param\u00e9trage de votre terminal (notamment par rapport aux cookies, traceurs et autres technologies de tra\u00e7age)\u00a0: vos nom, pr\u00e9nom, adresse email, date de naissance, adresse postale, lieu de r\u00e9sidence, num\u00e9ro de t\u00e9l\u00e9phone, vos pr\u00e9f\u00e9rences et centres d\u2019int\u00e9r\u00eats, vos logs de connexion (par exemple l\u2019adresse IP), votre nationalit\u00e9 (lorsque des r\u00e9glementations sp\u00e9cifiques le requiert), ainsi que les informations que vous nous communiquez lorsque vous nous contactez. Ces Donn\u00e9es sont collect\u00e9es sur la base de votre consentement explicite.<\/p>\n<p>Ainsi, vos Donn\u00e9es sont collect\u00e9es afin de :<\/p>\n<ul>\n<li>r\u00e9pondre \u00e0 vos questions, r\u00e9clamations, ou \u00e0 vos commandes de documents, de produits ou services adress\u00e9es via le formulaire \u00ab Nous contacter \u00bb ou formulaires similaires\u00a0;<\/li>\n<li>sous r\u00e9serve de votre consentement\u00a0: personnaliser les contenus du Site, vous adresser des informations sur nos offres, actualit\u00e9s et \u00e9v\u00e8nements\u00a0(newsletters, invitations et autres publications) soit par e-mail, SMS, MMS, t\u00e9l\u00e9phone ou courrier postal;<\/li>\n<li>Mieux conna\u00eetre vos centres d\u2019int\u00e9r\u00eats et pr\u00e9f\u00e9rences<\/li>\n<li>r\u00e9aliser des statistiques\u00a0;<\/li>\n<li>pr\u00e9venir des fraudes.<\/li>\n<\/ul>\n<p>Les Donn\u00e9es indispensables \u00e0 Arlaux pour remplir les finalit\u00e9s d\u00e9crites ci-dessus sont signal\u00e9es par un ast\u00e9risque dans les diff\u00e9rentes pages du Site. Si vous ne renseignez pas ces champs obligatoires, Arlaux ne pourra pas r\u00e9pondre \u00e0 vos demandes et\/ou vous fournir les services demand\u00e9s. Les autres informations ont un caract\u00e8re facultatif et nous permettent de mieux vous conna\u00eetre et d&rsquo;am\u00e9liorer nos communications et services \u00e0 votre \u00e9gard.<\/p>\n<p>&nbsp;<\/p>\n<ol start=\"3\">\n<li><strong> DESTINATAIRES DES DONN\u00c9ES<\/strong><\/li>\n<\/ol>\n<p>Vos Donn\u00e9es sont trait\u00e9es par Arlaux. Elles ne seront c\u00e9d\u00e9es ou rendues accessibles \u00e0 aucun tiers sous r\u00e9serve (i) des sous-traitants \u00e9ventuels d\u2019Arlaux pour des raisons exclusivement techniques ou logistiques tels que prestataires d\u2019h\u00e9bergement et de maintenance du Site, etc.) et (ii) de toute \u00e9ventuelle restructuration de notre entreprise.<\/p>\n<p>Arlaux\u00a0 pourra \u00eatre amen\u00e9e \u00e0 communiquer \u00e0 des tiers vos Donn\u00e9es lorsqu\u2019une telle communication est requise par la loi, une disposition r\u00e9glementaire ou une d\u00e9cision judiciaire, ou si cette communication est n\u00e9cessaire pour assurer la protection et la d\u00e9fense de ses droits.<\/p>\n<p>&nbsp;<\/p>\n<ol start=\"4\">\n<li><strong> TRANSFERTS DE DONN\u00c9ES \u00c0 L\u2019\u00c9TRANGER<\/strong><\/li>\n<\/ol>\n<p>Les destinataires de vos Donn\u00e9es peuvent se situer \u00e0 l\u2019\u00e9tranger, y compris en dehors de l\u2019Espace Economique Europ\u00e9en. Tout transfert de vos Donn\u00e9es en dehors de l\u2019Espace Economique Europ\u00e9en est effectu\u00e9 moyennant des garanties appropri\u00e9es, notamment contractuelles, en conformit\u00e9 avec la r\u00e9glementation applicable en mati\u00e8re de protection des donn\u00e9es personnelles.<\/p>\n<ol start=\"5\">\n<li><strong> VOS DROITS<\/strong><\/li>\n<\/ol>\n<p>Conform\u00e9ment \u00e0 la r\u00e8glementation en vigueur, vous disposez d\u2019un droit d&rsquo;acc\u00e8s et de rectification de vos Donn\u00e9es, ainsi que de celui d\u2019en demander l\u2019effacement, de vous opposer \u00e0 leur traitement et d\u2019en obtenir la limitation ou la portabilit\u00e9 dans la mesure o\u00f9 cela est applicable, sous r\u00e9serve des motifs l\u00e9gitimes imp\u00e9rieux dont pourrait justifier Arlaux pour conserver vos Donn\u00e9es. Par ailleurs, vous pouvez \u00e0 tout moment demander \u00e0 ne plus recevoir nos communications relatives \u00e0 nos offres, actualit\u00e9s et \u00e9v\u00e8nements en utilisant le lien hypertexte pr\u00e9vu \u00e0 cet effet dans chaque email que nous vous adressons.<\/p>\n<p>Vous disposez \u00e9galement du droit de nous donner des instructions sp\u00e9cifiques concernant le sort de vos Donn\u00e9es apr\u00e8s votre d\u00e9c\u00e8s.<br \/>\nCes droits peuvent \u00eatre exerc\u00e9s \u00e0 tout moment\u00a0:<br \/>\n\u2022\u00a0soit via notre formulaire de contact, accessible\u00a0<u>ici<\/u>\u00a0;<br \/>\n\u2022 soit en envoyant un courrier \u00e0 l&rsquo;adresse suivante :<br \/>\nARLAUX, 91, rue du Faubourg Saint-Honor\u00e9, 75008 Paris, France<\/p>\n<p>&nbsp;<\/p>\n<ol start=\"6\">\n<li><strong> DUR\u00c9E DE CONSERVATION DE VOS DONN\u00c9ES<\/strong><\/li>\n<\/ol>\n<p>Les Donn\u00e9es vous concernant, collect\u00e9es et trait\u00e9es dans le cadre de la rubrique \u00ab\u00a0Nous contacter\u00a0\u00bb ou autre rubrique similaire, ne seront conserv\u00e9es que pour la dur\u00e9e du traitement de votre demande. Elles seront ensuite d\u00e9truites.<\/p>\n<p>Les Donn\u00e9es utilis\u00e9es \u00e0 des fins d\u2019envoi de communications relatives aux offres, actualit\u00e9s et \u00e9v\u00e9nements d\u2019Arlaux seront conserv\u00e9es pendant un d\u00e9lai de trois (3) ans \u00e0 compter de leur collecte ou de votre dernier contact avec Arlaux. Au terme de ce d\u00e9lai, Arlaux pourra reprendre contact avec vous afin de savoir si vous souhaitez continuer \u00e0 recevoir des communications relatives aux offres, actualit\u00e9s et \u00e9v\u00e9nements. Vos Donn\u00e9es seront en outre d\u00e9truites dans un d\u00e9lai maximum de 30 jours \u00e0 compter de votre demande de d\u00e9sinscription.<\/p>\n<p>Enfin, les logs de connexion collect\u00e9s, sous r\u00e9serve de votre accord, dans le cadre des cookies, traceurs et autres technologies de tra\u00e7age mis en place sur notre Site, seront conserv\u00e9s conform\u00e9ment \u00e0 la r\u00e9glementation applicable pour une dur\u00e9e n\u2019exc\u00e9dant pas treize (13) mois. Pour plus de d\u00e9tails, voir la rubrique cookies ci-dessous.<\/p>\n<p>&nbsp;<\/p>\n<ol start=\"7\">\n<li><a href=\"https:\/\/www.domperignon.com\/fr-fr\/privacy-and-cookies-notice\"><strong> COOKIES<\/strong><\/a><\/li>\n<\/ol>\n<p><em>7.1 Cookies \u2013 de quoi s\u2019agit-il\u00a0?<\/em><br \/>\nUn \u00ab\u00a0cookie\u00a0\u00bb est un bout d\u2019information, tel qu\u2019un tag, qui est stock\u00e9 sur votre ordinateur, tablette ou t\u00e9l\u00e9phone quand vous visitez un site web. Cela peut permettre d\u2019identifier votre appareil \u2013 comme votre ordinateur, tablette ou t\u00e9l\u00e9phone- \u00e0 chaque fois que vous visitez un site web.<\/p>\n<p>La plupart des sites web utilisent des cookies et c\u2019est le cas du Site. Afin de vous offrir la meilleure exp\u00e9rience sur notre Site, quel que soit le type d\u2019appareil utilis\u00e9, vous devez vous assurer que votre navigateur est param\u00e9tr\u00e9 de fa\u00e7on \u00e0 accepter les cookies.<\/p>\n<p>&nbsp;<\/p>\n<p><em>7.2 A quoi servent les cookies\u00a0?<\/em><br \/>\nNous utilisons des cookies et d\u2019autre donn\u00e9es stock\u00e9es sur votre appareil afin de\u00a0:<\/p>\n<ul>\n<li>Vous offrir une meilleure exp\u00e9rience de navigation sur le Site,<\/li>\n<li>Vous permettre de param\u00e9trer vos pr\u00e9f\u00e9rences,<\/li>\n<li>Prot\u00e9ger votre s\u00e9curit\u00e9,<\/li>\n<li>Mesurer et am\u00e9liorer les services propos\u00e9s sur le Site, et,<\/li>\n<li>Collaborer avec nos partenaires et \u00e9valuer nos actions marketing<\/li>\n<\/ul>\n<p>7.3\u00a0<em>Quelles informations sont concern\u00e9es par les cookies\u00a0? <\/em>Un cookie va principalement contenir\u00a0:<\/p>\n<ul>\n<li>Le nom du site internet d\u2019o\u00f9 il provient,<\/li>\n<li>Combien de temps le cookie sera stock\u00e9 sur votre appareil,<\/li>\n<li>Un num\u00e9ro unique \u2013 g\u00e9n\u00e9ralement attribu\u00e9 de mani\u00e8re al\u00e9atoire<\/li>\n<\/ul>\n<p>7.4\u00a0<em>Les cookies que nous utilisons sur le Site<\/em><\/p>\n<p>Nous utilisons les cat\u00e9gories de cookies suivantes sur le Site\u00a0:<\/p>\n<ul>\n<li>Cat\u00e9gorie 1\u00a0: les cookies strictement n\u00e9cessaires<\/li>\n<\/ul>\n<p>Ces cookies sont essentiels pour vous permettre de naviguer sur le Site et profiter de ses fonctionnalit\u00e9s. Sans ces cookies, les services que vous demandez, tel que se souvenir de votre identifiant, ne peuvent pas \u00eatre fournis.<\/p>\n<ul>\n<li>Cat\u00e9gorie 2\u00a0: les cookies de performance<\/li>\n<\/ul>\n<p>Ces cookies collectent des informations anonymes sur la fa\u00e7on dont les personnes naviguent sur le Site. A titre d\u2019exemple, nous utilisons des cookies de Google analytics pour nous aider \u00e0 comprendre comment les utilisateurs arrivent sur le Site, y naviguent ou utilisent le Site et ainsi mettre en \u00e9vidence les points d\u2019am\u00e9lioration notamment en mati\u00e8re de navigation et de campagnes marketing. Les donn\u00e9es stock\u00e9es via ces cookies n\u2019enregistrent aucune donn\u00e9e permettant d\u2019identifier une personne en particulier.<\/p>\n<ul>\n<li>Cat\u00e9gorie 3\u00a0: les cookies de fonctionnalit\u00e9s<\/li>\n<\/ul>\n<p>Ces cookies permettent de se souvenir de vos choix tels que le lieu \u00e0 partir duquel vous vous \u00eates connect\u00e9, vos pr\u00e9f\u00e9rences de langue, vos crit\u00e8res de recherche en mati\u00e8re de produits ou de services. Ces informations peuvent servir \u00e0 vous proposer une exp\u00e9rience plus personnalis\u00e9e et davantage pertinente \u00e0 vos attentes. Les informations collect\u00e9es via ces cookies peuvent \u00eatre anonymis\u00e9es et ne permettent pas de suivre vos navigations sur d\u2019autres sites internet.<\/p>\n<ul>\n<li>Cat\u00e9gorie 4\u00a0: Cookies de ciblage et publicitaires<\/li>\n<\/ul>\n<p>Ces cookies collectent des informations sur vos habitudes de navigation afin de rendre la publicit\u00e9 plus pertinente pour vous et par rapport \u00e0 vos centres d\u2019int\u00e9r\u00eat. Ils sont aussi utilis\u00e9s pour limiter le nombre de fois o\u00f9 vous verrez une publicit\u00e9 et mesurer l\u2019efficacit\u00e9 d\u2019une campagne publicitaire. Ces cookies sont g\u00e9n\u00e9ralement plac\u00e9s par des r\u00e9seaux publicitaires de tiers. Ils se souviennent des sites internet que vous visitez et ces informations sont partag\u00e9es avec des tiers tels que des annonceurs. A titre d\u2019exemple, nous utilisons des cookies de tiers pour vous fournir des publicit\u00e9s personnalis\u00e9es quand vous visitez d\u2019autres sites internet.<\/p>\n<ul>\n<li>Cat\u00e9gorie 5\u00a0: Cookies de r\u00e9seaux sociaux<\/li>\n<\/ul>\n<p>Ces cookies vous permettent de partager des contenus du Site sur les r\u00e9seaux sociaux tels que Facebook ou Instagram. Ces cookies ne sont pas contr\u00f4l\u00e9s par Arlaux. Nous vous invitons \u00e0 consulter les chartes de donn\u00e9es personnelles des r\u00e9seaux sociaux concern\u00e9s pour en savoir plus sur le fonctionnement de leurs cookies.<\/p>\n<p><em>7.5\u00a0Pendant combien de temps les cookies sont stock\u00e9s sur mon appareil\u00a0?<\/em><\/p>\n<p>Les cookies de session ne restent stock\u00e9s sur votre appareil que pendant la dur\u00e9e de votre session internet. Ils ne sont pas stock\u00e9s sur votre disque dur. Ils sont g\u00e9n\u00e9ralement utilis\u00e9s pour suivre les pages que vous visitez pour pouvoir vous proposer une exp\u00e9rience plus personnalis\u00e9e durant votre visite sur le Site.<\/p>\n<p>Les cookies persistants sont stock\u00e9s sur le disque dur de votre appareil jusqu\u2019\u00e0 ce que vous les supprimiez ou qu\u2019ils atteignent leur date d\u2019expiration. Ces cookies peuvent, par exemple, \u00eatre utilis\u00e9s pour se souvenir de vos pr\u00e9f\u00e9rences quand vous utilisez le Site.<\/p>\n<p><em>7.6\u00a0Que puis-je faire pour g\u00e9rer les cookies stock\u00e9s sur mon appareil\u00a0?<\/em><\/p>\n<p>Vous pouvez accepter ou refuser les cookies. Accepter les cookies est g\u00e9n\u00e9ralement la meilleure fa\u00e7on de s\u2019assurer que vous b\u00e9n\u00e9ficierez de la meilleure exp\u00e9rience de navigation sur le Site. La plupart des ordinateurs acceptent les cookies mais vous pouvez modifier le param\u00e9trage pour restreindre, bloquer ou supprimer les cookies si tel est votre choix. Chaque navigateur est diff\u00e9rent, donc nous vous invitons \u00e0 consulter la rubrique \u00ab\u00a0Aide\u00a0\u00bb de votre navigateur (ordinateur, tablette ou t\u00e9l\u00e9phone) pour savoir comment changer vos pr\u00e9f\u00e9rences en mati\u00e8re de cookies. Beaucoup de navigateurs disposent de facilit\u00e9 de param\u00e9trage des cookies pour faciliter l\u2019expression de vos choix en la mati\u00e8re.<\/p>\n<p><em>7.7\u00a0Que se passe-t-il si je n&rsquo;accepte pas les cookies ?<\/em><\/p>\n<p>Si vous refusez les cookies, certains aspects du Site peuvent ne pas fonctionner sur votre appareil et vous pourriez ne pas pouvoir acc\u00e9der \u00e0 certaines zones du Site. C\u2019est la raison pour laquelle nous vous recommandons d\u2019accepter les cookies.<\/p>\n<p>&nbsp;<\/p>\n<ol start=\"8\">\n<li><strong> COORDONN\u00c9ES DU D\u00c9L\u00c9GU\u00c9 \u00c0 LA PROTECTION DES DONN\u00c9ES (DPO) ET DROIT D\u2019INTRODUIRE UNE R\u00c9CLAMATION<\/strong><\/li>\n<\/ol>\n<p>Pour toute question en lien avec la collecte et le traitement de vos Donn\u00e9es par Arlaux, vous pouvez contacter par email le d\u00e9l\u00e9gu\u00e9 \u00e0 la protection des donn\u00e9es d\u2019Arlaux \u00e0 l\u2019adresse suivante\u00a0: admin@arlaux.com<\/p>\n<p>Vous disposez \u00e9galement du droit de saisir la Commission Nationale de l\u2019Informatique et des Libert\u00e9s (CNIL), 3 Place de Fontenoy &#8211; TSA 80715 &#8211; 75334 PARIS CEDEX 07, de toute r\u00e9clamation se rapportant \u00e0 la mani\u00e8re dont Arlaux collecte et traite vos Donn\u00e9es.<\/p>\n<ol start=\"9\">\n<li><strong> MODIFICATION DE NOTRE CHARTE DONN\u00c9ES PERSONNELLES &amp; COOKIES<\/strong><\/li>\n<\/ol>\n<p>ARLAUX SAS peut \u00eatre amen\u00e9e \u00e0 modifier la pr\u00e9sente charte . Nous vous invitons \u00e0 v\u00e9rifier cette page r\u00e9guli\u00e8rement afin de vous assurer de votre accord avec toute modification.\u00a0Nous sommes \u00e9galement susceptibles de vous informer des modifications de cette charte par e-mail.<\/p>\n<p>&nbsp;<\/p>\n<ol start=\"10\">\n<li><strong>PROTECTION DES PERSONNES N\u2019AYANT PAS ATTEINT L\u2019\u00c2GE L\u00c9GAL DE CONSOMMATION D\u2019ALCOOL<\/strong><\/li>\n<\/ol>\n<p>L\u2019acc\u00e8s au Site \u00e9tant encadr\u00e9 par les\u00a0<u>Conditions G\u00e9n\u00e9rales d\u2019Utilisation du Site<\/u>, nous ne collectons aucune information ou donn\u00e9e personnelle relative aux personnes n\u2019ayant pas atteint l\u2019\u00e2ge l\u00e9gal de consommation et\/ou d\u2019achat d\u2019alcool selon la l\u00e9gislation en vigueur dans leur lieu de r\u00e9sidence.<\/p>\n<p>&nbsp;<\/p>\n<p>&nbsp;<\/p>\n<p>[\/vc_column_text][\/vc_column][\/vc_row]<\/p>\n<\/section>","protected":false},"excerpt":{"rendered":"<p>[vc_row row_type=\u00a0\u00bbrow\u00a0\u00bb use_row_as_full_screen_section=\u00a0\u00bbno\u00a0\u00bb type=\u00a0\u00bbfull_width\u00a0\u00bb text_align=\u00a0\u00bbleft\u00a0\u00bb video=\u00a0\u00bb\u00a0\u00bb css_animation=\u00a0\u00bb\u00a0\u00bb box_shadow_on_row=\u00a0\u00bbno\u00a0\u00bb][vc_column][vc_single_image image=\u00a0\u00bb2341&Prime; img_size=\u00a0\u00bb180&#215;140&Prime; eltd_css_animation=\u00a0\u00bb\u00a0\u00bb css=\u00a0\u00bb.vc_custom_1590605531949{padding-top: 5px !important;padding-left: 20px !important;}\u00a0\u00bb el_class=\u00a0\u00bblogo-arlaux\u00a0\u00bb][\/vc_column][\/vc_row][vc_row row_type=\u00a0\u00bbrow\u00a0\u00bb use_row_as_full_screen_section=\u00a0\u00bbno\u00a0\u00bb type=\u00a0\u00bbfull_width\u00a0\u00bb text_align=\u00a0\u00bbleft\u00a0\u00bb video=\u00a0\u00bb\u00a0\u00bb padding_top=\u00a0\u00bb20&Prime; padding_bottom=\u00a0\u00bb50&Prime; css_animation=\u00a0\u00bb\u00a0\u00bb box_shadow_on_row=\u00a0\u00bbno\u00a0\u00bb][vc_column][vc_column_text] Charte des donn\u00e9es personnelles et cookies [\/vc_column_text][vc_column_text el_class=\u00a0\u00bbterms-and-cookies-pages\u00a0\u00bb] IDENTIT\u00c9 ET COORDONN\u00c9ES DU RESPONSABLE DE TRAITEMENT Le site www.arlaux.com (le&#8230;<\/p>\n","protected":false},"author":1,"featured_media":0,"parent":0,"menu_order":800,"comment_status":"closed","ping_status":"closed","template":"","meta":{"footnotes":""},"class_list":["post-3219","page","type-page","status-publish","hentry"],"yoast_head":"<!-- This site is optimized with the Yoast SEO plugin v25.1 - https:\/\/yoast.com\/wordpress\/plugins\/seo\/ -->\n<title>Charte des donn\u00e9es personnelles et cookies - Arlaux Champagne<\/title>\n<meta name=\"description\" content=\"Avec de fines bulles et des ar\u00f4mes d\u00e9licats, les Champagnes Arlaux sont uniques depuis 1826.L\u2019abus d\u2019alcool est dangereux pour la sant\u00e9. A consommer avec mod\u00e9ration.\" \/>\n<meta name=\"robots\" content=\"index, follow, max-snippet:-1, max-image-preview:large, max-video-preview:-1\" \/>\n<link rel=\"canonical\" href=\"https:\/\/arlaux.com\/fr\/charte-des-donnees-personnelles-et-cookies\/\" \/>\n<meta property=\"og:locale\" content=\"fr_FR\" \/>\n<meta property=\"og:type\" content=\"article\" \/>\n<meta property=\"og:title\" content=\"Charte des donn\u00e9es personnelles et cookies - Arlaux Champagne\" \/>\n<meta property=\"og:description\" content=\"Avec de fines bulles et des ar\u00f4mes d\u00e9licats, les Champagnes Arlaux sont uniques depuis 1826.L\u2019abus d\u2019alcool est dangereux pour la sant\u00e9. A consommer avec mod\u00e9ration.\" \/>\n<meta property=\"og:url\" content=\"https:\/\/arlaux.com\/fr\/charte-des-donnees-personnelles-et-cookies\/\" \/>\n<meta property=\"og:site_name\" content=\"Arlaux Champagne\" \/>\n<meta property=\"article:publisher\" content=\"https:\/\/twitter.com\/ArlauxChampagne\" \/>\n<meta property=\"article:modified_time\" content=\"2020-09-30T20:45:20+00:00\" \/>\n<meta name=\"twitter:card\" content=\"summary_large_image\" \/>\n<meta name=\"twitter:site\" content=\"@ArlauxChampagne\" \/>\n<meta name=\"twitter:label1\" content=\"Dur\u00e9e de lecture estim\u00e9e\" \/>\n\t<meta name=\"twitter:data1\" content=\"11 minutes\" \/>\n<!-- \/ Yoast SEO plugin. -->","yoast_head_json":{"title":"Charte des donn\u00e9es personnelles et cookies - Arlaux Champagne","description":"Avec de fines bulles et des ar\u00f4mes d\u00e9licats, les Champagnes Arlaux sont uniques depuis 1826.L\u2019abus d\u2019alcool est dangereux pour la sant\u00e9. A consommer avec mod\u00e9ration.","robots":{"index":"index","follow":"follow","max-snippet":"max-snippet:-1","max-image-preview":"max-image-preview:large","max-video-preview":"max-video-preview:-1"},"canonical":"https:\/\/arlaux.com\/fr\/charte-des-donnees-personnelles-et-cookies\/","og_locale":"fr_FR","og_type":"article","og_title":"Charte des donn\u00e9es personnelles et cookies - Arlaux Champagne","og_description":"Avec de fines bulles et des ar\u00f4mes d\u00e9licats, les Champagnes Arlaux sont uniques depuis 1826.L\u2019abus d\u2019alcool est dangereux pour la sant\u00e9. A consommer avec mod\u00e9ration.","og_url":"https:\/\/arlaux.com\/fr\/charte-des-donnees-personnelles-et-cookies\/","og_site_name":"Arlaux Champagne","article_publisher":"https:\/\/twitter.com\/ArlauxChampagne","article_modified_time":"2020-09-30T20:45:20+00:00","twitter_card":"summary_large_image","twitter_site":"@ArlauxChampagne","twitter_misc":{"Dur\u00e9e de lecture estim\u00e9e":"11 minutes"},"schema":{"@context":"https:\/\/schema.org","@graph":[{"@type":"WebPage","@id":"https:\/\/arlaux.com\/fr\/charte-des-donnees-personnelles-et-cookies\/","url":"https:\/\/arlaux.com\/fr\/charte-des-donnees-personnelles-et-cookies\/","name":"Charte des donn\u00e9es personnelles et cookies - Arlaux Champagne","isPartOf":{"@id":"https:\/\/arlaux.com\/fr\/#website"},"datePublished":"2020-04-07T11:20:07+00:00","dateModified":"2020-09-30T20:45:20+00:00","description":"Avec de fines bulles et des ar\u00f4mes d\u00e9licats, les Champagnes Arlaux sont uniques depuis 1826.L\u2019abus d\u2019alcool est dangereux pour la sant\u00e9. A consommer avec mod\u00e9ration.","breadcrumb":{"@id":"https:\/\/arlaux.com\/fr\/charte-des-donnees-personnelles-et-cookies\/#breadcrumb"},"inLanguage":"fr-FR","potentialAction":[{"@type":"ReadAction","target":["https:\/\/arlaux.com\/fr\/charte-des-donnees-personnelles-et-cookies\/"]}]},{"@type":"BreadcrumbList","@id":"https:\/\/arlaux.com\/fr\/charte-des-donnees-personnelles-et-cookies\/#breadcrumb","itemListElement":[{"@type":"ListItem","position":1,"name":"Home","item":"https:\/\/arlaux.com\/fr\/"},{"@type":"ListItem","position":2,"name":"Charte des donn\u00e9es personnelles et cookies"}]},{"@type":"WebSite","@id":"https:\/\/arlaux.com\/fr\/#website","url":"https:\/\/arlaux.com\/fr\/","name":"Arlaux Champagne","description":"Premier Cru depuis 1826","publisher":{"@id":"https:\/\/arlaux.com\/fr\/#organization"},"potentialAction":[{"@type":"SearchAction","target":{"@type":"EntryPoint","urlTemplate":"https:\/\/arlaux.com\/fr\/?s={search_term_string}"},"query-input":{"@type":"PropertyValueSpecification","valueRequired":true,"valueName":"search_term_string"}}],"inLanguage":"fr-FR"},{"@type":"Organization","@id":"https:\/\/arlaux.com\/fr\/#organization","name":"Arlaux Champagne","url":"https:\/\/arlaux.com\/fr\/","logo":{"@type":"ImageObject","inLanguage":"fr-FR","@id":"https:\/\/arlaux.com\/fr\/#\/schema\/logo\/image\/","url":"https:\/\/arlaux.com\/wp-content\/uploads\/2020\/09\/Logo-Arlaux-180E06-portfolo.png","contentUrl":"https:\/\/arlaux.com\/wp-content\/uploads\/2020\/09\/Logo-Arlaux-180E06-portfolo.png","width":185,"height":150,"caption":"Arlaux Champagne"},"image":{"@id":"https:\/\/arlaux.com\/fr\/#\/schema\/logo\/image\/"},"sameAs":["https:\/\/twitter.com\/ArlauxChampagne","https:\/\/x.com\/ArlauxChampagne","https:\/\/www.instagram.com\/arlauxchampagneofficial\/?hl=fr"]}]}},"_links":{"self":[{"href":"https:\/\/arlaux.com\/fr\/wp-json\/wp\/v2\/pages\/3219","targetHints":{"allow":["GET"]}}],"collection":[{"href":"https:\/\/arlaux.com\/fr\/wp-json\/wp\/v2\/pages"}],"about":[{"href":"https:\/\/arlaux.com\/fr\/wp-json\/wp\/v2\/types\/page"}],"author":[{"embeddable":true,"href":"https:\/\/arlaux.com\/fr\/wp-json\/wp\/v2\/users\/1"}],"replies":[{"embeddable":true,"href":"https:\/\/arlaux.com\/fr\/wp-json\/wp\/v2\/comments?post=3219"}],"version-history":[{"count":4,"href":"https:\/\/arlaux.com\/fr\/wp-json\/wp\/v2\/pages\/3219\/revisions"}],"predecessor-version":[{"id":3679,"href":"https:\/\/arlaux.com\/fr\/wp-json\/wp\/v2\/pages\/3219\/revisions\/3679"}],"wp:attachment":[{"href":"https:\/\/arlaux.com\/fr\/wp-json\/wp\/v2\/media?parent=3219"}],"curies":[{"name":"wp","href":"https:\/\/api.w.org\/{rel}","templated":true}]}}