{"id":3103,"date":"2020-04-24T22:33:16","date_gmt":"2020-04-24T20:33:16","guid":{"rendered":"https:\/\/arlaux.com\/?page_id=3103"},"modified":"2020-09-30T22:46:33","modified_gmt":"2020-09-30T20:46:33","slug":"mentions-legales","status":"publish","type":"page","link":"https:\/\/arlaux.com\/fr\/mentions-legales\/","title":{"rendered":"Mentions l\u00e9gales"},"content":{"rendered":"<section class=\"wpb-content-wrapper\"><p>[vc_row row_type=\u00a0\u00bbrow\u00a0\u00bb use_row_as_full_screen_section=\u00a0\u00bbno\u00a0\u00bb type=\u00a0\u00bbfull_width\u00a0\u00bb text_align=\u00a0\u00bbleft\u00a0\u00bb video=\u00a0\u00bb\u00a0\u00bb css_animation=\u00a0\u00bb\u00a0\u00bb box_shadow_on_row=\u00a0\u00bbno\u00a0\u00bb][vc_column][vc_single_image image=\u00a0\u00bb2341&Prime; img_size=\u00a0\u00bb180&#215;140&Prime; eltd_css_animation=\u00a0\u00bb\u00a0\u00bb css=\u00a0\u00bb.vc_custom_1590605531949{padding-top: 5px !important;padding-left: 20px !important;}\u00a0\u00bb el_class=\u00a0\u00bblogo-arlaux\u00a0\u00bb][\/vc_column][\/vc_row]<\/p>\r\n\r\n\r\n<p><strong>1.&nbsp;EDITEUR \u2013 CONTACT<\/strong><\/p>\r\n\r\n\r\n\r\n<p>Le site Internet<a href=\"http:\/\/www.arlauxfr\"> arlaux.com<\/a> (ci-apr\u00e8s le \u00ab\u00a0Site\u00a0\u00bb) est \u00e9dit\u00e9 par ARLAUX SAS, soci\u00e9t\u00e9 par Actions Simplifi\u00e9es:<br>\u2022&nbsp;capital social : 55 000 euros<br>\u2022&nbsp;num\u00e9ro d\u2019immatriculation: 500 917 273 RCS Paris<br>\u2022&nbsp;num\u00e9ro de TVA : FR 89 500&nbsp;917 273<br>\u2022&nbsp;adresse du si\u00e8ge social : 91 Rue du Faubourg Saint-Honor\u00e9 75008 Paris, France<br>\u2022&nbsp;N\u00b0 t\u00e9l&nbsp;: + 33 (0) 1 47 07 43 08<\/p>\r\n\r\n\r\n\r\n<p>Directeur de publication: Pierre-Christian Tramier<br>&nbsp;<br>Pour toute question relative au Site, veuillez envoyer un message via le&nbsp;formulaire de contact.<\/p>\r\n\r\n\r\n\r\n<p><strong>2.&nbsp;H\u00c9BERGEUR<\/strong><\/p>\r\n\r\n\r\n\r\n<p>Le Site est h\u00e9berg\u00e9 par la soci\u00e9t\u00e9 OVH, Soci\u00e9t\u00e9 par Actions Simplifi\u00e9e \u00e0 Associ\u00e9 Unique (SASU)<br>\u2022&nbsp;capital social : 10 174 560,00 euros<br>\u2022&nbsp;N\u00b0 d\u2019immatriculation&nbsp;: 424 761&nbsp;419 R.C.S. Lille M\u00e9tropole<br>\u2022&nbsp;num\u00e9ro de TVA : FR 22 424 761 419<br>\u2022&nbsp;adresse du si\u00e8ge social : 2 Rue Kellermann, 59100 Roubaix, France<br>\u2022&nbsp;N\u00b0 t\u00e9l&nbsp;: +33 (0)5 22 26 00 86<strong>&nbsp;<\/strong><br><br><\/p>\r\n\r\n\r\n\r\n<p>&nbsp;<strong>CONDITIONS G\u00c9N\u00c9RALES D\u2019UTILISATION DU SITE INTERNET<\/strong><\/p>\r\n\r\n\r\n\r\n<p>Le Site est publi\u00e9 par ARLAUX SAS, soci\u00e9t\u00e9 par Actions Simplifi\u00e9es&nbsp;au capital social de 55 000 euros, immatricul\u00e9e au RCS de PARIS sous le num\u00e9ro 500&nbsp;917&nbsp;273 et dont le si\u00e8ge social est situ\u00e9 91 rue du Faubourg Saint-Honor\u00e9, 75001 Paris, France (ci-apr\u00e8s \u00ab\u00a0La Soci\u00e9t\u00e9\u00a0\u00bb).<br>&nbsp;<br>L\u2019utilisation du Site par toute personne (ci-apr\u00e8s \u00ab\u00a0vous\u00a0\u00bb ou \u00ab\u00a0l\u2019utilisateur\u00a0\u00bb), quel que soit l\u2019objet de sa visite, est r\u00e9gie par les pr\u00e9sentes conditions g\u00e9n\u00e9rales d\u2019utilisation (ci-apr\u00e8s les \u00ab\u00a0Conditions G\u00e9n\u00e9rales d\u2019Utilisation\u00a0\u00bb). Les Conditions G\u00e9n\u00e9rales d\u2019Utilisation ont pour objet de d\u00e9finir les conditions d\u2019acc\u00e8s, de navigation et d\u2019utilisation du Site.<br>&nbsp;<br>En acc\u00e9dant et utilisant le Site, vous acceptez sans r\u00e9serve l\u2019application des Conditions G\u00e9n\u00e9rales d&rsquo;Utilisation et des clauses applicables en mati\u00e8re de protection des donn\u00e9es personnelles (voir la Charte donn\u00e9es personnelles &amp; cookies).<br>&nbsp;<br>La Soci\u00e9t\u00e9 peut \u00e0 tout moment modifier et mettre \u00e0 jour les Conditions G\u00e9n\u00e9rales d&rsquo;Utilisation et la Charte donn\u00e9es personnelles &amp; cookies. L\u2019utilisateur est invit\u00e9 \u00e0 les consulter en ligne r\u00e9guli\u00e8rement.<br>&nbsp;<br>Pour acc\u00e9der au Site, vous devez avoir atteint l\u2019\u00e2ge l\u00e9gal de consommation et\/ou d\u2019achat d\u2019alcool selon la l\u00e9gislation en vigueur dans votre lieu de r\u00e9sidence (l\u2019\u00e2ge le plus \u00e9lev\u00e9 \u00e9tant celui pris en consid\u00e9ration).<br>&nbsp;<br>Si aucun \u00e2ge l\u00e9gal n\u2019existe dans votre lieu de r\u00e9sidence, vous devez avoir au moins 21 ans pour acc\u00e9der au Site.<\/p>\r\n\r\n\r\n\r\n<p><strong>1.&nbsp;NAVIGATION SUR LE SITE<\/strong><\/p>\r\n\r\n\r\n\r\n<p><em>1.1. Acc\u00e8s au Site<\/em><br>&nbsp;<br>Les mat\u00e9riels et logiciels n\u00e9cessaires pour l\u2019acc\u00e8s \u00e0 Internet et au Site rel\u00e8vent de la responsabilit\u00e9 des utilisateurs du Site.<br>&nbsp;<br>La Soci\u00e9t\u00e9 se r\u00e9serve le droit, \u00e0 sa seule discr\u00e9tion, de suspendre ou mettre fin \u00e0 l\u2019acc\u00e8s \u00e0 tout ou partie du Site, de son contenu ou services propos\u00e9s sur le Site, sans notification pr\u00e9alable et sans que cela soit susceptible de donner lieu \u00e0 une quelconque indemnisation au profit d\u2019un utilisateur.<\/p>\r\n\r\n\r\n\r\n<p>Il est strictement interdit de modifier les \u00e9l\u00e9ments logiciels du Site en vue d&rsquo;obtenir un acc\u00e8s non autoris\u00e9 au Site.<\/p>\r\n\r\n\r\n\r\n<p><em>1.2 Liens hypertextes<\/em><\/p>\r\n\r\n\r\n\r\n<p>Le Site peut pr\u00e9senter des liens vers d\u2019autres sites ou d&rsquo;autres sources Internet. Dans la mesure o\u00f9 la Soci\u00e9t\u00e9 ne peut contr\u00f4ler ces sites et ces sources externes, la Soci\u00e9t\u00e9 ne saurait \u00eatre tenue responsable du contenu, publicit\u00e9s, produits, services ou tout autre \u00e9l\u00e9ment disponible sur ces sites ou sources externes. De plus, la Soci\u00e9t\u00e9 ne pourra \u00eatre tenue responsable de tous dommages ou pertes (av\u00e9r\u00e9s ou all\u00e9gu\u00e9s) d\u00e9coulant directement ou indirectement de l&rsquo;utilisation du contenu, des biens ou services disponibles sur ces sites ou sources externes.<br>&nbsp;<\/p>\r\n\r\n\r\n\r\n<p><em>1.3&nbsp;Comportement des utilisateurs<\/em><\/p>\r\n\r\n\r\n\r\n<p>Chaque utilisateur du Site garantit :<br>\u2022&nbsp;avoir l\u2019\u00e2ge l\u00e9gal requis pour consommer et\/ou acheter de l\u2019alcool selon la l\u00e9gislation en vigueur dans son lieu de r\u00e9sidence ;<br>\u2022&nbsp;utiliser le Site \u00e0 des fins licites et personnelles, \u00e0 l\u2019exclusion de toute utilisation \u00e0 des fins commerciales, sauf accord \u00e9crit et pr\u00e9alable de la Soci\u00e9t\u00e9;<br>\u2022&nbsp;que, le cas \u00e9ch\u00e9ant, les donn\u00e9es qu\u2019il fournit sont exactes, sinc\u00e8res et \u00e0 jour.<\/p>\r\n\r\n\r\n\r\n<p>&nbsp;<br>Il est interdit \u00e0 l\u2019utilisateur de faire toutes d\u00e9clarations et\/ou d\u2019agir au nom et\/ou pour le compte de la Soci\u00e9t\u00e9 ainsi que de ses actionnaires, dirigeants et salari\u00e9s, pour quelque cause que ce soit.<br>&nbsp;<br>Les utilisateurs doivent avoir sur le Site un comportement responsable, licite, courtois et respectueux \u00e0 l\u2019\u00e9gard des droits des autres utilisateurs du Site, de la Soci\u00e9t\u00e9, de ses soci\u00e9t\u00e9s affili\u00e9es et des tiers.<br>&nbsp;<br>L\u2019utilisateur doit notamment s\u2019abstenir de :<br>\u2022&nbsp;t\u00e9l\u00e9charger vers le Site, afficher, envoyer par courrier \u00e9lectronique ou transmettre par tout autre moyen tout \u00e9l\u00e9ment contenant des virus logiciels, ou autres codes, fichiers ou programmes informatiques con\u00e7us pour interrompre, d\u00e9truire ou limiter les fonctionnalit\u00e9s de tout logiciel ou mat\u00e9riel informatique ou de tout \u00e9quipement de t\u00e9l\u00e9communication&nbsp;; &nbsp;<br>\u2022&nbsp;perturber ou interrompre le fonctionnement du Site, des serveurs ou r\u00e9seaux connect\u00e9s au Site ou enfreindre les exigences, proc\u00e9dures, r\u00e8gles ou r\u00e9glementations s\u2019y rapportant ; &nbsp;<br>\u2022&nbsp;tenter de porter atteinte au fonctionnement du Site , notamment en exposant le Site \u00e0 un virus, en causant une surcharge de consultation (bande passante), en surchargeant le serveur, en envoyant des \u00ab\u00a0spams\u00a0\u00bb ou en surchargeant le service de messagerie du Site ;<br>\u2022&nbsp;consulter des informations qui ne lui sont pas destin\u00e9es ou acc\u00e9der \u00e0 un serveur ou un compte auquel l\u2019utilisateur n\u2019est pas autoris\u00e9 \u00e0 acc\u00e9der&nbsp;;<br>\u2022&nbsp;chercher \u00e0 \u00e9valuer, \u00e0 constater ou \u00e0 tester la vuln\u00e9rabilit\u00e9 du Site, ou enfreindre les mesures de s\u00e9curit\u00e9 ou d\u2019authentification du Site sans l\u2019accord \u00e9crit pr\u00e9alable de la Soci\u00e9t\u00e9;<br>\u2022&nbsp;exercer une activit\u00e9 ill\u00e9gale ou toute autre activit\u00e9 susceptible de porter pr\u00e9judice aux droits de la Soci\u00e9t\u00e9, de ses fournisseurs, prestataires, d\u00e9taillants, annonceurs ou autres personnes, et s\u2019abstenir d\u2019y inciter des tiers&nbsp;;<br>\u2022&nbsp;t\u00e9l\u00e9charger vers le Site, transmettre, poster ou mettre par tout moyen \u00e0 disposition des \u00e9l\u00e9ments publicitaires ou promotionnels non sollicit\u00e9s ou non autoris\u00e9s, des \u00ab\u00a0junk mails\u00a0\u00bb, des \u00ab\u00a0spams\u00a0\u00bb, des \u00ab\u00a0cha\u00eenes de lettres\u00a0\u00bb ou toute autre forme de sollicitation&nbsp;<br>\u2022&nbsp;t\u00e9l\u00e9charger vers le Site, afficher, envoyer par courrier \u00e9lectronique ou transmettre un contenu ill\u00e9gal, pr\u00e9judiciable, diffamatoire, offensant, raciste, vulgaire, obsc\u00e8ne, mena\u00e7ant, violent, contraire aux bonnes m\u0153urs, portant atteinte \u00e0 la vie priv\u00e9e d\u2019une personne, d\u00e9sobligeant ou choquant notamment d\u2019un point de vue racial ou ethnique&nbsp;;<br>\u2022&nbsp;envoyer par courrier \u00e9lectronique ou transmettre par tout autre moyen tout contenu du Site \u00e0 destination de personnes n\u2019ayant pas l\u2019\u00e2ge l\u00e9gal pour consommer et\/ou acheter de l\u2019alcool dans leur lieu de r\u00e9sidence ou r\u00e9sidant dans un lieu restreignant ou interdisant la publicit\u00e9 pour des boissons alcooliques.<\/p>\r\n\r\n\r\n\r\n<p>&nbsp;<br>Chaque utilisateur s\u2019engage \u00e0 respecter toutes les lois, r\u00e8gles et proc\u00e9dures applicables relatives au comportement des utilisateurs en ligne et \u00e0 la transmission des donn\u00e9es techniques.&nbsp;<br>&nbsp;<br>Le cas \u00e9ch\u00e9ant, la Soci\u00e9t\u00e9 peut mettre fin \u00e0 tout moment au droit d\u2019acc\u00e8s au Site d\u2019un utilisateur si celui-ci ne respecte pas les obligations qui lui incombent en vertu des Conditions G\u00e9n\u00e9rales d\u2019Utilisation et\/ou de tout autre document, sans pr\u00e9judice du droit de la Soci\u00e9t\u00e9 de demander des dommages-int\u00e9r\u00eats.<br>&nbsp;<\/p>\r\n\r\n\r\n\r\n<p><em>1.4 Contenu publi\u00e9 par les utilisateurs, le cas \u00e9ch\u00e9ant<\/em><\/p>\r\n\r\n\r\n\r\n<p>&nbsp;<br>Les utilisateurs du Site sont seuls responsables des contenus qu\u2019ils postent sur le Site et des cons\u00e9quences de leur diffusion, de leur publication, de leur transfert ou de leur mise \u00e0 disposition. La Soci\u00e9t\u00e9 ne cautionne aucun contenu, opinion, recommandation ou avis exprim\u00e9 par les utilisateurs sur le Site, et d\u00e9cline toute responsabilit\u00e9 relative au contenu post\u00e9 sur le Site dans les limites de la r\u00e9glementation applicable.<br>&nbsp;<br>Toutefois, la Soci\u00e9t\u00e9 se r\u00e9serve le droit (sans y \u00eatre oblig\u00e9) de d\u00e9cider si le contenu post\u00e9 par les utilisateurs respecte les exigences sp\u00e9cifi\u00e9es dans les Conditions G\u00e9n\u00e9rales d\u2019Utilisation et peut supprimer tout contenu qui violerait ces Conditions G\u00e9n\u00e9rales d\u2019Utilisation et\/ou interdire l&rsquo;acc\u00e8s d&rsquo;un utilisateur au Site en raison de la soumission d&rsquo;un tel contenu, \u00e0 tout moment, sans pr\u00e9avis et \u00e0 son enti\u00e8re discr\u00e9tion.<br>&nbsp;<br>Vous acceptez que la Soci\u00e9t\u00e9 puisse librement utiliser, sans aucune restriction et \u00e0 titre gratuit, tout contenu post\u00e9 sur le Site non seulement pour sa diffusion sur le Site mais \u00e9galement pour sa diffusion et reproduction sur tout autre support quel qu\u2019il soit pour la promotion et publicit\u00e9 de la Soci\u00e9t\u00e9, ses produits et ses services, pour le monde entier.<\/p>\r\n\r\n\r\n\r\n<p>&nbsp;<br><em>1.5 Signaler un contenu inappropri\u00e9<\/em><br>&nbsp;<br>Les utilisateurs peuvent signaler \u00e0 la Soci\u00e9t\u00e9 tout contenu inappropri\u00e9 en envoyant un message via le&nbsp;formulaire de contact.<br>&nbsp;<br>&nbsp;<\/p>\r\n\r\n\r\n\r\n<p><strong>2. PROTECTION DU&nbsp;CONTENU DU SITE<\/strong><\/p>\r\n\r\n\r\n\r\n<p>Le Site et chacun des \u00e9l\u00e9ments qui le composent (tels que textes, arborescences, logiciels, animations, photographies, illustrations, images, vid\u00e9os, sch\u00e9mas, bandes sonores, textes, logos, marques, dessins et mod\u00e8les), y compris les \u00e9l\u00e9ments logiciels n\u00e9cessaires au fonctionnement du Site (ci-apr\u00e8s le \u00ab\u00a0Contenu\u00a0\u00bb) peuvent contenir des informations confidentielles et des donn\u00e9es prot\u00e9g\u00e9es par le droit de la propri\u00e9t\u00e9 intellectuelle ou toute autre loi applicable. Ainsi, sauf mention contraire sur le Site, les droits de propri\u00e9t\u00e9 intellectuelle sur le Contenu sont la propri\u00e9t\u00e9 exclusive de la Soci\u00e9t\u00e9, celle-ci ne conc\u00e9dant \u00e0 l\u2019utilisateur aucune licence, ni aucun autre droit que celui de consulter le Site.<br>&nbsp;<br>La reproduction de tout ou partie du Contenu est autoris\u00e9e uniquement aux fins d&rsquo;information pour un usage personnel et priv\u00e9, toute reproduction et toute utilisation de copies du Contenu r\u00e9alis\u00e9es \u00e0 d&rsquo;autres fins, de quelque mani\u00e8re que ce soit et sous quelque forme que ce soit, \u00e9tant express\u00e9ment interdites.<br>&nbsp;<br>Il est \u00e9galement interdit \u00e0 l\u2019utilisateur de copier, modifier, cr\u00e9er une \u0153uvre d\u00e9riv\u00e9e, assembler, d\u00e9compiler, c\u00e9der, sous-licencier ou transf\u00e9rer de quelque mani\u00e8re que se soit tout droit aff\u00e9rent au Contenu ou au Site. &nbsp;<br>&nbsp;<\/p>\r\n\r\n\r\n\r\n<p><strong>3. DONN\u00c9ES PERSONNELLES<\/strong><\/p>\r\n\r\n\r\n\r\n<p>La Soci\u00e9t\u00e9 veille \u00e0 la protection des donn\u00e9es personnelles transmises par les utilisateurs du Site. La Soci\u00e9t\u00e9 invite les utilisateurs du Site \u00e0 consulter la&nbsp;Charte donn\u00e9es personnelles&nbsp;&amp; cookies&nbsp;qui pr\u00e9cise les dispositions mises en place pour garantir le traitement des donn\u00e9es. La collecte, le traitement, l\u2019usage, la transmission, la conservation et la protection de vos donn\u00e9es personnelles sont r\u00e9gies par la&nbsp;Charte donn\u00e9es personnelles &amp; cookies.<\/p>\r\n\r\n\r\n\r\n<p><strong>4. RESPONSABILIT\u00c9<\/strong><\/p>\r\n\r\n\r\n\r\n<p>La Soci\u00e9t\u00e9 s&rsquo;efforce d&rsquo;assurer au mieux de ses possibilit\u00e9s l&rsquo;exactitude et la mise \u00e0 jour des informations diffus\u00e9es sur le Site. Toutefois, la Soci\u00e9t\u00e9 ne peut garantir l&rsquo;exactitude, la pr\u00e9cision ou l&rsquo;exhaustivit\u00e9 des informations mises \u00e0 la disposition des utilisateurs sur le Site.<\/p>\r\n\r\n\r\n\r\n<p>La Soci\u00e9t\u00e9 permet l\u2019acc\u00e8s au Site \u00e0 titre gratuit et d\u00e9cline toute responsabilit\u00e9 :<br>\u2022&nbsp;pour toute interruption du Site&nbsp;;<br>\u2022&nbsp;en cas de survenance de bogues, de virus informatiques, d\u2019erreurs d\u2019affichage ou de t\u00e9l\u00e9chargement&nbsp;;<br>\u2022&nbsp;pour toute inexactitude ou omission portant sur le Contenu disponible sur le Site ;<br>\u2022&nbsp;pour tous dommages r\u00e9sultant d&rsquo;une intrusion frauduleuse d&rsquo;un tiers ;<br>\u2022&nbsp;et plus g\u00e9n\u00e9ralement pour tous les dommages directs et indirects, quelles qu&rsquo;en soient les causes ou cons\u00e9quences, pouvant survenir \u00e0 la suite de l&rsquo;acc\u00e8s au Site et r\u00e9sultant d\u2019une quelconque information provenant directement ou indirectement du Site.<\/p>\r\n\r\n\r\n\r\n<p><strong>5. DROIT APPLICABLE ET JURIDICTION COMP\u00c9TENTE<\/strong><\/p>\r\n\r\n\r\n\r\n<p>Les Conditions G\u00e9n\u00e9rales d\u2019Utilisation, ainsi que la&nbsp;Charte donn\u00e9es personnelles &amp; cookies&nbsp;auxquelles il est fait r\u00e9f\u00e9rence sont r\u00e9gies par le droit fran\u00e7ais.<br>&nbsp;<br>Sauf disposition l\u00e9gale imp\u00e9rative contraire, tout diff\u00e9rend concernant le Contenu et l\u2019utilisation du Site rel\u00e8ve de la comp\u00e9tence exclusive du tribunal comp\u00e9tent du ressort de la Cour d\u2019Appel de Paris, y compris en cas d\u2019appel en garantie, de pluralit\u00e9 de d\u00e9fendeurs ou de proc\u00e9dure en r\u00e9f\u00e9r\u00e9 ou sur requ\u00eate.<\/p>\r\n<\/section>","protected":false},"excerpt":{"rendered":"<p>[vc_row row_type=\u00a0\u00bbrow\u00a0\u00bb use_row_as_full_screen_section=\u00a0\u00bbno\u00a0\u00bb type=\u00a0\u00bbfull_width\u00a0\u00bb text_align=\u00a0\u00bbleft\u00a0\u00bb video=\u00a0\u00bb\u00a0\u00bb css_animation=\u00a0\u00bb\u00a0\u00bb box_shadow_on_row=\u00a0\u00bbno\u00a0\u00bb][vc_column][vc_single_image image=\u00a0\u00bb2341&Prime; img_size=\u00a0\u00bb180&#215;140&Prime; eltd_css_animation=\u00a0\u00bb\u00a0\u00bb css=\u00a0\u00bb.vc_custom_1590605531949{padding-top: 5px !important;padding-left: 20px !important;}\u00a0\u00bb el_class=\u00a0\u00bblogo-arlaux\u00a0\u00bb][\/vc_column][\/vc_row] 1.&nbsp;EDITEUR \u2013 CONTACT Le site Internet arlaux.com (ci-apr\u00e8s le \u00ab\u00a0Site\u00a0\u00bb) est \u00e9dit\u00e9 par ARLAUX SAS, soci\u00e9t\u00e9 par Actions Simplifi\u00e9es:\u2022&nbsp;capital social : 55 000 euros\u2022&nbsp;num\u00e9ro d\u2019immatriculation: 500 917 273&#8230;<\/p>\n","protected":false},"author":1,"featured_media":0,"parent":0,"menu_order":700,"comment_status":"closed","ping_status":"closed","template":"","meta":{"footnotes":""},"class_list":["post-3103","page","type-page","status-publish","hentry"],"yoast_head":"<!-- This site is optimized with the Yoast SEO plugin v25.1 - https:\/\/yoast.com\/wordpress\/plugins\/seo\/ -->\n<title>Mentions l\u00e9gales - Arlaux Champagne<\/title>\n<meta name=\"description\" content=\"Avec de fines bulles et des ar\u00f4mes d\u00e9licats, les Champagnes Arlaux sont uniques depuis 1826.L\u2019abus d\u2019alcool est dangereux pour la sant\u00e9. A consommer avec mod\u00e9ration.\" \/>\n<meta name=\"robots\" content=\"index, follow, max-snippet:-1, max-image-preview:large, max-video-preview:-1\" \/>\n<link rel=\"canonical\" href=\"https:\/\/arlaux.com\/fr\/mentions-legales\/\" \/>\n<meta property=\"og:locale\" content=\"fr_FR\" \/>\n<meta property=\"og:type\" content=\"article\" \/>\n<meta property=\"og:title\" content=\"Mentions l\u00e9gales - Arlaux Champagne\" \/>\n<meta property=\"og:description\" content=\"Avec de fines bulles et des ar\u00f4mes d\u00e9licats, les Champagnes Arlaux sont uniques depuis 1826.L\u2019abus d\u2019alcool est dangereux pour la sant\u00e9. A consommer avec mod\u00e9ration.\" \/>\n<meta property=\"og:url\" content=\"https:\/\/arlaux.com\/fr\/mentions-legales\/\" \/>\n<meta property=\"og:site_name\" content=\"Arlaux Champagne\" \/>\n<meta property=\"article:publisher\" content=\"https:\/\/twitter.com\/ArlauxChampagne\" \/>\n<meta property=\"article:modified_time\" content=\"2020-09-30T20:46:33+00:00\" \/>\n<meta name=\"twitter:card\" content=\"summary_large_image\" \/>\n<meta name=\"twitter:site\" content=\"@ArlauxChampagne\" \/>\n<meta name=\"twitter:label1\" content=\"Dur\u00e9e de lecture estim\u00e9e\" \/>\n\t<meta name=\"twitter:data1\" content=\"11 minutes\" \/>\n<!-- \/ Yoast SEO plugin. -->","yoast_head_json":{"title":"Mentions l\u00e9gales - Arlaux Champagne","description":"Avec de fines bulles et des ar\u00f4mes d\u00e9licats, les Champagnes Arlaux sont uniques depuis 1826.L\u2019abus d\u2019alcool est dangereux pour la sant\u00e9. A consommer avec mod\u00e9ration.","robots":{"index":"index","follow":"follow","max-snippet":"max-snippet:-1","max-image-preview":"max-image-preview:large","max-video-preview":"max-video-preview:-1"},"canonical":"https:\/\/arlaux.com\/fr\/mentions-legales\/","og_locale":"fr_FR","og_type":"article","og_title":"Mentions l\u00e9gales - Arlaux Champagne","og_description":"Avec de fines bulles et des ar\u00f4mes d\u00e9licats, les Champagnes Arlaux sont uniques depuis 1826.L\u2019abus d\u2019alcool est dangereux pour la sant\u00e9. A consommer avec mod\u00e9ration.","og_url":"https:\/\/arlaux.com\/fr\/mentions-legales\/","og_site_name":"Arlaux Champagne","article_publisher":"https:\/\/twitter.com\/ArlauxChampagne","article_modified_time":"2020-09-30T20:46:33+00:00","twitter_card":"summary_large_image","twitter_site":"@ArlauxChampagne","twitter_misc":{"Dur\u00e9e de lecture estim\u00e9e":"11 minutes"},"schema":{"@context":"https:\/\/schema.org","@graph":[{"@type":"WebPage","@id":"https:\/\/arlaux.com\/fr\/mentions-legales\/","url":"https:\/\/arlaux.com\/fr\/mentions-legales\/","name":"Mentions l\u00e9gales - Arlaux Champagne","isPartOf":{"@id":"https:\/\/arlaux.com\/fr\/#website"},"datePublished":"2020-04-24T20:33:16+00:00","dateModified":"2020-09-30T20:46:33+00:00","description":"Avec de fines bulles et des ar\u00f4mes d\u00e9licats, les Champagnes Arlaux sont uniques depuis 1826.L\u2019abus d\u2019alcool est dangereux pour la sant\u00e9. A consommer avec mod\u00e9ration.","breadcrumb":{"@id":"https:\/\/arlaux.com\/fr\/mentions-legales\/#breadcrumb"},"inLanguage":"fr-FR","potentialAction":[{"@type":"ReadAction","target":["https:\/\/arlaux.com\/fr\/mentions-legales\/"]}]},{"@type":"BreadcrumbList","@id":"https:\/\/arlaux.com\/fr\/mentions-legales\/#breadcrumb","itemListElement":[{"@type":"ListItem","position":1,"name":"Home","item":"https:\/\/arlaux.com\/fr\/"},{"@type":"ListItem","position":2,"name":"Mentions l\u00e9gales"}]},{"@type":"WebSite","@id":"https:\/\/arlaux.com\/fr\/#website","url":"https:\/\/arlaux.com\/fr\/","name":"Arlaux Champagne","description":"Premier Cru depuis 1826","publisher":{"@id":"https:\/\/arlaux.com\/fr\/#organization"},"potentialAction":[{"@type":"SearchAction","target":{"@type":"EntryPoint","urlTemplate":"https:\/\/arlaux.com\/fr\/?s={search_term_string}"},"query-input":{"@type":"PropertyValueSpecification","valueRequired":true,"valueName":"search_term_string"}}],"inLanguage":"fr-FR"},{"@type":"Organization","@id":"https:\/\/arlaux.com\/fr\/#organization","name":"Arlaux Champagne","url":"https:\/\/arlaux.com\/fr\/","logo":{"@type":"ImageObject","inLanguage":"fr-FR","@id":"https:\/\/arlaux.com\/fr\/#\/schema\/logo\/image\/","url":"https:\/\/arlaux.com\/wp-content\/uploads\/2020\/09\/Logo-Arlaux-180E06-portfolo.png","contentUrl":"https:\/\/arlaux.com\/wp-content\/uploads\/2020\/09\/Logo-Arlaux-180E06-portfolo.png","width":185,"height":150,"caption":"Arlaux Champagne"},"image":{"@id":"https:\/\/arlaux.com\/fr\/#\/schema\/logo\/image\/"},"sameAs":["https:\/\/twitter.com\/ArlauxChampagne","https:\/\/x.com\/ArlauxChampagne","https:\/\/www.instagram.com\/arlauxchampagneofficial\/?hl=fr"]}]}},"_links":{"self":[{"href":"https:\/\/arlaux.com\/fr\/wp-json\/wp\/v2\/pages\/3103","targetHints":{"allow":["GET"]}}],"collection":[{"href":"https:\/\/arlaux.com\/fr\/wp-json\/wp\/v2\/pages"}],"about":[{"href":"https:\/\/arlaux.com\/fr\/wp-json\/wp\/v2\/types\/page"}],"author":[{"embeddable":true,"href":"https:\/\/arlaux.com\/fr\/wp-json\/wp\/v2\/users\/1"}],"replies":[{"embeddable":true,"href":"https:\/\/arlaux.com\/fr\/wp-json\/wp\/v2\/comments?post=3103"}],"version-history":[{"count":2,"href":"https:\/\/arlaux.com\/fr\/wp-json\/wp\/v2\/pages\/3103\/revisions"}],"predecessor-version":[{"id":3111,"href":"https:\/\/arlaux.com\/fr\/wp-json\/wp\/v2\/pages\/3103\/revisions\/3111"}],"wp:attachment":[{"href":"https:\/\/arlaux.com\/fr\/wp-json\/wp\/v2\/media?parent=3103"}],"curies":[{"name":"wp","href":"https:\/\/api.w.org\/{rel}","templated":true}]}}