{"id":2191,"date":"2015-03-02T15:46:03","date_gmt":"2015-03-02T14:46:03","guid":{"rendered":"https:\/\/arlaux.com\/?page_id=2191"},"modified":"2020-09-09T17:37:01","modified_gmt":"2020-09-09T15:37:01","slug":"nous-trouver","status":"publish","type":"page","link":"https:\/\/arlaux.com\/fr\/nous-trouver\/","title":{"rendered":"Nous trouver"},"content":{"rendered":"<section class=\"wpb-content-wrapper\"><p>[vc_row row_type=\u00a0\u00bbrow\u00a0\u00bb use_row_as_full_screen_section=\u00a0\u00bbno\u00a0\u00bb type=\u00a0\u00bbfull_width\u00a0\u00bb text_align=\u00a0\u00bbleft\u00a0\u00bb video=\u00a0\u00bb\u00a0\u00bb css_animation=\u00a0\u00bb\u00a0\u00bb box_shadow_on_row=\u00a0\u00bbno\u00a0\u00bb][vc_column][vc_single_image image=\u00a0\u00bb2341&Prime; img_size=\u00a0\u00bb180&#215;140&Prime; eltd_css_animation=\u00a0\u00bb\u00a0\u00bb css=\u00a0\u00bb.vc_custom_1590605531949{padding-top: 5px !important;padding-left: 20px !important;}\u00a0\u00bb el_class=\u00a0\u00bblogo-arlaux\u00a0\u00bb][\/vc_column][\/vc_row][vc_row row_type=\u00a0\u00bbrow\u00a0\u00bb use_row_as_full_screen_section=\u00a0\u00bbno\u00a0\u00bb type=\u00a0\u00bbgrid\u00a0\u00bb text_align=\u00a0\u00bbcenter\u00a0\u00bb video=\u00a0\u00bb\u00a0\u00bb padding_bottom=\u00a0\u00bb20&Prime; css_animation=\u00a0\u00bb\u00a0\u00bb box_shadow_on_row=\u00a0\u00bbno\u00a0\u00bb oblique_section=\u00a0\u00bbno\u00a0\u00bb oblique_section_top_and_bottom=\u00a0\u00bbboth\u00a0\u00bb oblique_section_position=\u00a0\u00bbfrom_left_to_right\u00a0\u00bb triangle_shape=\u00a0\u00bbno\u00a0\u00bb triangle_shape_position=\u00a0\u00bbboth\u00a0\u00bb][vc_column][vc_single_image image=\u00a0\u00bb2345&Prime; alignment=\u00a0\u00bbcenter\u00a0\u00bb eltd_css_animation=\u00a0\u00bb\u00a0\u00bb el_class=\u00a0\u00bbmonogramme-arlaux-contact\u00a0\u00bb][vc_separator type=\u00a0\u00bbtransparent\u00a0\u00bb up=\u00a0\u00bb15&Prime; down=\u00a0\u00bb0&Prime;][vc_column_text]<\/p>\n<h2>Contact<\/h2>\n<p>[\/vc_column_text][vc_separator type=\u00a0\u00bbsmall\u00a0\u00bb position=\u00a0\u00bbcenter\u00a0\u00bb width=\u00a0\u00bb120&Prime; thickness=\u00a0\u00bb2&Prime; up=\u00a0\u00bb40&Prime; down=\u00a0\u00bb0&Prime;][\/vc_column][\/vc_row][vc_row row_type=\u00a0\u00bbrow\u00a0\u00bb use_row_as_full_screen_section=\u00a0\u00bbno\u00a0\u00bb type=\u00a0\u00bbgrid\u00a0\u00bb text_align=\u00a0\u00bbcenter\u00a0\u00bb video=\u00a0\u00bb\u00a0\u00bb padding_bottom=\u00a0\u00bb60&Prime; css_animation=\u00a0\u00bb\u00a0\u00bb box_shadow_on_row=\u00a0\u00bbno\u00a0\u00bb oblique_section=\u00a0\u00bbno\u00a0\u00bb oblique_section_top_and_bottom=\u00a0\u00bbboth\u00a0\u00bb oblique_section_position=\u00a0\u00bbfrom_left_to_right\u00a0\u00bb triangle_shape=\u00a0\u00bbno\u00a0\u00bb triangle_shape_position=\u00a0\u00bbboth\u00a0\u00bb][vc_column width=\u00a0\u00bb1\/3&Prime; css=\u00a0\u00bb.vc_custom_1590760255187{margin-top: 35px !important;}\u00a0\u00bb][vc_single_image image=\u00a0\u00bb2954&Prime; img_size=\u00a0\u00bb55&#215;55&Prime; alignment=\u00a0\u00bbcenter\u00a0\u00bb eltd_css_animation=\u00a0\u00bb\u00a0\u00bb][vc_column_text css=\u00a0\u00bb.vc_custom_1592639593445{margin-top: 35px !important;}\u00a0\u00bb]<\/p>\n<h5>Appelez nous<\/h5>\n<p><a href=\"tel:+33147074308\">+33 (0) 1 47 07 43 08<\/a><\/p>\n<p>[\/vc_column_text][\/vc_column][vc_column width=\u00a0\u00bb1\/3&Prime; css=\u00a0\u00bb.vc_custom_1590760260970{margin-top: 35px !important;}\u00a0\u00bb][vc_single_image image=\u00a0\u00bb2903&Prime; img_size=\u00a0\u00bb50&#215;50&Prime; alignment=\u00a0\u00bbcenter\u00a0\u00bb eltd_css_animation=\u00a0\u00bb\u00a0\u00bb][vc_column_text css=\u00a0\u00bb.vc_custom_1590760651603{margin-top: 40px !important;}\u00a0\u00bb]<\/p>\n<h5>Boutique<\/h5>\n<p>350, rue Saint-Honor\u00e9<br \/>\n75001 Paris &#8211; France<\/p>\n<p>[\/vc_column_text][\/vc_column][vc_column width=\u00a0\u00bb1\/3&Prime; css=\u00a0\u00bb.vc_custom_1590760266583{margin-top: 35px !important;}\u00a0\u00bb][vc_single_image image=\u00a0\u00bb2901&Prime; img_size=\u00a0\u00bb50&#215;50&Prime; alignment=\u00a0\u00bbcenter\u00a0\u00bb eltd_css_animation=\u00a0\u00bb\u00a0\u00bb][vc_column_text css=\u00a0\u00bb.vc_custom_1590760614493{margin-top: 40px !important;}\u00a0\u00bb]<\/p>\n<h5>Vignoble<\/h5>\n<p>20, rue de la vigne du roi<br \/>\n51390 Vrigny &#8211; France<\/p>\n<p>[\/vc_column_text][\/vc_column][\/vc_row][vc_row row_type=\u00a0\u00bbrow\u00a0\u00bb use_row_as_full_screen_section=\u00a0\u00bbno\u00a0\u00bb type=\u00a0\u00bbfull_width\u00a0\u00bb text_align=\u00a0\u00bbcenter\u00a0\u00bb video=\u00a0\u00bb\u00a0\u00bb background_image=\u00a0\u00bb2591&Prime; css_animation=\u00a0\u00bb\u00a0\u00bb box_shadow_on_row=\u00a0\u00bbno\u00a0\u00bb][vc_column][no_elements_holder number_of_columns=\u00a0\u00bbone_column\u00a0\u00bb][no_elements_holder_item aligment=\u00a0\u00bbleft\u00a0\u00bb advanced_animations=\u00a0\u00bbno\u00a0\u00bb][vc_single_image image=\u00a0\u00bb2597&Prime; img_size=\u00a0\u00bb167&#215;208&Prime; alignment=\u00a0\u00bbcenter\u00a0\u00bb eltd_css_animation=\u00a0\u00bb\u00a0\u00bb css=\u00a0\u00bb.vc_custom_1589785113283{margin-top: 20px !important;padding-top: 40px !important;padding-bottom: 30px !important;}\u00a0\u00bb][\/no_elements_holder_item][\/no_elements_holder][\/vc_column][\/vc_row][vc_row row_type=\u00a0\u00bbrow\u00a0\u00bb use_row_as_full_screen_section=\u00a0\u00bbno\u00a0\u00bb type=\u00a0\u00bbgrid\u00a0\u00bb text_align=\u00a0\u00bbcenter\u00a0\u00bb video=\u00a0\u00bb\u00a0\u00bb padding_top=\u00a0\u00bb40&Prime; padding_bottom=\u00a0\u00bb40&Prime; css_animation=\u00a0\u00bb\u00a0\u00bb box_shadow_on_row=\u00a0\u00bbno\u00a0\u00bb oblique_section=\u00a0\u00bbno\u00a0\u00bb oblique_section_top_and_bottom=\u00a0\u00bbboth\u00a0\u00bb oblique_section_position=\u00a0\u00bbfrom_left_to_right\u00a0\u00bb triangle_shape=\u00a0\u00bbno\u00a0\u00bb triangle_shape_position=\u00a0\u00bbboth\u00a0\u00bb][vc_column][vc_column_text]<\/p>\n<p>La visite de la propri\u00e9t\u00e9 est r\u00e9serv\u00e9e aux seuls professionnels, sur rendez-vous uniquement.<\/p>\n<p>[\/vc_column_text][vc_separator type=\u00a0\u00bbtransparent\u00a0\u00bb up=\u00a0\u00bb30&Prime; down=\u00a0\u00bb0&Prime;][vc_row_inner row_type=\u00a0\u00bbrow\u00a0\u00bb type=\u00a0\u00bbfull_width\u00a0\u00bb use_row_as_full_screen_section_slide=\u00a0\u00bbno\u00a0\u00bb text_align=\u00a0\u00bbcenter\u00a0\u00bb padding_bottom=\u00a0\u00bb80&Prime; css_animation=\u00a0\u00bb\u00a0\u00bb box_shadow_on_row=\u00a0\u00bbno\u00a0\u00bb][vc_column_inner width=\u00a0\u00bb1\/6&Prime;][\/vc_column_inner][vc_column_inner width=\u00a0\u00bb2\/3&Prime;]\n<div class=\"wpcf7 no-js\" id=\"wpcf7-f3232-o1\" lang=\"en-US\" dir=\"ltr\" data-wpcf7-id=\"3232\">\n<div class=\"screen-reader-response\"><p role=\"status\" aria-live=\"polite\" aria-atomic=\"true\"><\/p> <ul><\/ul><\/div>\n<form action=\"\/fr\/wp-json\/wp\/v2\/pages\/2191#wpcf7-f3232-o1\" method=\"post\" class=\"wpcf7-form init cf7_custom_style_1\" aria-label=\"Contact form\" novalidate=\"novalidate\" data-status=\"init\">\n<div style=\"display: none;\">\n<input type=\"hidden\" name=\"_wpcf7\" value=\"3232\" \/>\n<input type=\"hidden\" name=\"_wpcf7_version\" value=\"6.0.6\" \/>\n<input type=\"hidden\" name=\"_wpcf7_locale\" value=\"en_US\" \/>\n<input type=\"hidden\" name=\"_wpcf7_unit_tag\" value=\"wpcf7-f3232-o1\" \/>\n<input type=\"hidden\" name=\"_wpcf7_container_post\" value=\"0\" \/>\n<input type=\"hidden\" name=\"_wpcf7_posted_data_hash\" value=\"\" \/>\n<\/div>\n<div class=\"two_columns_50_50 clearfix\">\n\t<div class=\"column1\">\n\t\t<div class=\"column_inner\">\n\t\t\t<p><span class=\"wpcf7-form-control-wrap\" data-name=\"first-name\"><input size=\"40\" maxlength=\"400\" class=\"wpcf7-form-control wpcf7-text wpcf7-validates-as-required\" aria-required=\"true\" aria-invalid=\"false\" placeholder=\"Pr\u00e9nom\" value=\"\" type=\"text\" name=\"first-name\" \/><\/span>\n\t\t\t<\/p>\n\t\t<\/div>\n\t<\/div>\n\t<div class=\"column2\">\n\t\t<div class=\"column_inner\">\n\t\t\t<p><span class=\"wpcf7-form-control-wrap\" data-name=\"last-name\"><input size=\"40\" maxlength=\"400\" class=\"wpcf7-form-control wpcf7-text wpcf7-validates-as-required\" aria-required=\"true\" aria-invalid=\"false\" placeholder=\"Nom\" value=\"\" type=\"text\" name=\"last-name\" \/><\/span>\n\t\t\t<\/p>\n\t\t<\/div>\n\t<\/div>\n\t<div>\n\t\t<p><span class=\"wpcf7-form-control-wrap\" data-name=\"your-email\"><input size=\"40\" maxlength=\"400\" class=\"wpcf7-form-control wpcf7-email wpcf7-validates-as-required wpcf7-text wpcf7-validates-as-email\" aria-required=\"true\" aria-invalid=\"false\" placeholder=\"Votre adresse email\" value=\"\" type=\"email\" name=\"your-email\" \/><\/span>\n\t\t<\/p>\n\t\t<p><span class=\"wpcf7-form-control-wrap\" data-name=\"subject\"><select class=\"wpcf7-form-control wpcf7-select wpcf7-validates-as-required\" aria-required=\"true\" aria-invalid=\"false\" name=\"subject\"><option value=\"\">Sujet<\/option><option value=\"Service commercial\">Service commercial<\/option><option value=\"Presse &amp; communication\">Presse &amp; communication<\/option><option value=\"Vignoble\">Vignoble<\/option><option value=\"Recrutement\">Recrutement<\/option><option value=\"Donn\u00e9es personnelles - RGPD\">Donn\u00e9es personnelles - RGPD<\/option><option value=\"Autre sujet\">Autre sujet<\/option><\/select><\/span>\n\t\t<\/p>\n\t<\/div>\n\t<div>\n\t\t<p><span class=\"wpcf7-form-control-wrap\" data-name=\"your-message\"><textarea cols=\"40\" rows=\"10\" maxlength=\"2000\" class=\"wpcf7-form-control wpcf7-textarea wpcf7-validates-as-required\" aria-required=\"true\" aria-invalid=\"false\" placeholder=\"Votre message...\" name=\"your-message\"><\/textarea><\/span>\n\t\t<\/p>\n\t<\/div>\n\t<div>\n\t\t<p><input class=\"wpcf7-form-control wpcf7-submit has-spinner\" type=\"submit\" value=\"Envoyer\" \/>\n\t\t<\/p>\n\t<\/div>\n<\/div><div class=\"wpcf7-response-output\" aria-hidden=\"true\"><\/div>\n<\/form>\n<\/div>\n[\/vc_column_inner][vc_column_inner width=\u00a0\u00bb1\/6&Prime;][\/vc_column_inner][\/vc_row_inner][\/vc_column][\/vc_row][vc_row row_type=\u00a0\u00bbrow\u00a0\u00bb use_row_as_full_screen_section=\u00a0\u00bbno\u00a0\u00bb type=\u00a0\u00bbfull_width\u00a0\u00bb text_align=\u00a0\u00bbleft\u00a0\u00bb video=\u00a0\u00bb\u00a0\u00bb background_image=\u00a0\u00bb2676&Prime; css_animation=\u00a0\u00bb\u00a0\u00bb box_shadow_on_row=\u00a0\u00bbno\u00a0\u00bb][vc_column][no_elements_holder number_of_columns=\u00a0\u00bbone_column\u00a0\u00bb][no_elements_holder_item aligment=\u00a0\u00bbleft\u00a0\u00bb advanced_animations=\u00a0\u00bbno\u00a0\u00bb][vc_single_image image=\u00a0\u00bb2597&Prime; img_size=\u00a0\u00bb167&#215;208&Prime; alignment=\u00a0\u00bbcenter\u00a0\u00bb eltd_css_animation=\u00a0\u00bb\u00a0\u00bb css=\u00a0\u00bb.vc_custom_1589785113283{margin-top: 20px !important;padding-top: 40px !important;padding-bottom: 30px !important;}\u00a0\u00bb][\/no_elements_holder_item][\/no_elements_holder][\/vc_column][\/vc_row][vc_row row_type=\u00a0\u00bbrow\u00a0\u00bb use_row_as_full_screen_section=\u00a0\u00bbno\u00a0\u00bb type=\u00a0\u00bbgrid\u00a0\u00bb text_align=\u00a0\u00bbleft\u00a0\u00bb video=\u00a0\u00bb\u00a0\u00bb padding_bottom=\u00a0\u00bb30&Prime; css_animation=\u00a0\u00bb\u00a0\u00bb box_shadow_on_row=\u00a0\u00bbno\u00a0\u00bb][vc_column css=\u00a0\u00bb.vc_custom_1590759934676{margin-top: 40px !important;}\u00a0\u00bb][vc_column_text]<\/p>\n<p>Conform\u00e9ment \u00e0 la loi Informatique et Libert\u00e9s n\u00b078-17 et au R\u00e8glement G\u00e9n\u00e9ral sur la Protection des Donn\u00e9es Personnelles, dit \u00ab\u00a0RGPD\u00a0\u00bb n\u00b02016\/679, les champagnes Arlaux ont engag\u00e9 une proc\u00e9dure de mise en conformit\u00e9 de la collecte et du traitement des donn\u00e9es \u00e0 caract\u00e8re personnel. Pour obtenir toute information compl\u00e9mentaire concernant le traitement de ces donn\u00e9es ou faire valoir vos droits au titre de ce r\u00e8glement, vous pouvez transmettre votre demande via le formulaire ci-dessus.<\/p>\n<p>[\/vc_column_text][\/vc_column][\/vc_row]<\/p>\n<\/section>","protected":false},"excerpt":{"rendered":"<p>[vc_row row_type=\u00a0\u00bbrow\u00a0\u00bb use_row_as_full_screen_section=\u00a0\u00bbno\u00a0\u00bb type=\u00a0\u00bbfull_width\u00a0\u00bb text_align=\u00a0\u00bbleft\u00a0\u00bb video=\u00a0\u00bb\u00a0\u00bb css_animation=\u00a0\u00bb\u00a0\u00bb box_shadow_on_row=\u00a0\u00bbno\u00a0\u00bb][vc_column][vc_single_image image=\u00a0\u00bb2341&Prime; img_size=\u00a0\u00bb180&#215;140&Prime; eltd_css_animation=\u00a0\u00bb\u00a0\u00bb css=\u00a0\u00bb.vc_custom_1590605531949{padding-top: 5px !important;padding-left: 20px !important;}\u00a0\u00bb el_class=\u00a0\u00bblogo-arlaux\u00a0\u00bb][\/vc_column][\/vc_row][vc_row row_type=\u00a0\u00bbrow\u00a0\u00bb use_row_as_full_screen_section=\u00a0\u00bbno\u00a0\u00bb type=\u00a0\u00bbgrid\u00a0\u00bb text_align=\u00a0\u00bbcenter\u00a0\u00bb video=\u00a0\u00bb\u00a0\u00bb padding_bottom=\u00a0\u00bb20&Prime; css_animation=\u00a0\u00bb\u00a0\u00bb box_shadow_on_row=\u00a0\u00bbno\u00a0\u00bb oblique_section=\u00a0\u00bbno\u00a0\u00bb oblique_section_top_and_bottom=\u00a0\u00bbboth\u00a0\u00bb oblique_section_position=\u00a0\u00bbfrom_left_to_right\u00a0\u00bb triangle_shape=\u00a0\u00bbno\u00a0\u00bb triangle_shape_position=\u00a0\u00bbboth\u00a0\u00bb][vc_column][vc_single_image image=\u00a0\u00bb2345&Prime; alignment=\u00a0\u00bbcenter\u00a0\u00bb eltd_css_animation=\u00a0\u00bb\u00a0\u00bb el_class=\u00a0\u00bbmonogramme-arlaux-contact\u00a0\u00bb][vc_separator type=\u00a0\u00bbtransparent\u00a0\u00bb up=\u00a0\u00bb15&Prime; down=\u00a0\u00bb0&Prime;][vc_column_text] Contact [\/vc_column_text][vc_separator type=\u00a0\u00bbsmall\u00a0\u00bb position=\u00a0\u00bbcenter\u00a0\u00bb width=\u00a0\u00bb120&Prime; thickness=\u00a0\u00bb2&Prime; up=\u00a0\u00bb40&Prime; down=\u00a0\u00bb0&Prime;][\/vc_column][\/vc_row][vc_row&#8230;<\/p>\n","protected":false},"author":1,"featured_media":0,"parent":0,"menu_order":600,"comment_status":"open","ping_status":"closed","template":"full_width.php","meta":{"footnotes":""},"class_list":["post-2191","page","type-page","status-publish","hentry"],"yoast_head":"<!-- This site is optimized with the Yoast SEO plugin v25.1 - https:\/\/yoast.com\/wordpress\/plugins\/seo\/ -->\n<title>Nous trouver - Arlaux Champagne<\/title>\n<meta name=\"description\" content=\"Avec de fines bulles et des ar\u00f4mes d\u00e9licats, les Champagnes Arlaux sont uniques depuis 1826.L\u2019abus d\u2019alcool est dangereux pour la sant\u00e9. A consommer avec mod\u00e9ration.\" \/>\n<meta name=\"robots\" content=\"index, follow, max-snippet:-1, max-image-preview:large, max-video-preview:-1\" \/>\n<link rel=\"canonical\" href=\"https:\/\/arlaux.com\/fr\/nous-trouver\/\" \/>\n<meta property=\"og:locale\" content=\"fr_FR\" \/>\n<meta property=\"og:type\" content=\"article\" \/>\n<meta property=\"og:title\" content=\"Nous trouver - Arlaux Champagne\" \/>\n<meta property=\"og:description\" content=\"Avec de fines bulles et des ar\u00f4mes d\u00e9licats, les Champagnes Arlaux sont uniques depuis 1826.L\u2019abus d\u2019alcool est dangereux pour la sant\u00e9. A consommer avec mod\u00e9ration.\" \/>\n<meta property=\"og:url\" content=\"https:\/\/arlaux.com\/fr\/nous-trouver\/\" \/>\n<meta property=\"og:site_name\" content=\"Arlaux Champagne\" \/>\n<meta property=\"article:publisher\" content=\"https:\/\/twitter.com\/ArlauxChampagne\" \/>\n<meta property=\"article:modified_time\" content=\"2020-09-09T15:37:01+00:00\" \/>\n<meta name=\"twitter:card\" content=\"summary_large_image\" \/>\n<meta name=\"twitter:site\" content=\"@ArlauxChampagne\" \/>\n<meta name=\"twitter:label1\" content=\"Dur\u00e9e de lecture estim\u00e9e\" \/>\n\t<meta name=\"twitter:data1\" content=\"4 minutes\" \/>\n<!-- \/ Yoast SEO plugin. -->","yoast_head_json":{"title":"Nous trouver - Arlaux Champagne","description":"Avec de fines bulles et des ar\u00f4mes d\u00e9licats, les Champagnes Arlaux sont uniques depuis 1826.L\u2019abus d\u2019alcool est dangereux pour la sant\u00e9. A consommer avec mod\u00e9ration.","robots":{"index":"index","follow":"follow","max-snippet":"max-snippet:-1","max-image-preview":"max-image-preview:large","max-video-preview":"max-video-preview:-1"},"canonical":"https:\/\/arlaux.com\/fr\/nous-trouver\/","og_locale":"fr_FR","og_type":"article","og_title":"Nous trouver - Arlaux Champagne","og_description":"Avec de fines bulles et des ar\u00f4mes d\u00e9licats, les Champagnes Arlaux sont uniques depuis 1826.L\u2019abus d\u2019alcool est dangereux pour la sant\u00e9. A consommer avec mod\u00e9ration.","og_url":"https:\/\/arlaux.com\/fr\/nous-trouver\/","og_site_name":"Arlaux Champagne","article_publisher":"https:\/\/twitter.com\/ArlauxChampagne","article_modified_time":"2020-09-09T15:37:01+00:00","twitter_card":"summary_large_image","twitter_site":"@ArlauxChampagne","twitter_misc":{"Dur\u00e9e de lecture estim\u00e9e":"4 minutes"},"schema":{"@context":"https:\/\/schema.org","@graph":[{"@type":"WebPage","@id":"https:\/\/arlaux.com\/fr\/nous-trouver\/","url":"https:\/\/arlaux.com\/fr\/nous-trouver\/","name":"Nous trouver - Arlaux Champagne","isPartOf":{"@id":"https:\/\/arlaux.com\/fr\/#website"},"datePublished":"2015-03-02T14:46:03+00:00","dateModified":"2020-09-09T15:37:01+00:00","description":"Avec de fines bulles et des ar\u00f4mes d\u00e9licats, les Champagnes Arlaux sont uniques depuis 1826.L\u2019abus d\u2019alcool est dangereux pour la sant\u00e9. A consommer avec mod\u00e9ration.","breadcrumb":{"@id":"https:\/\/arlaux.com\/fr\/nous-trouver\/#breadcrumb"},"inLanguage":"fr-FR","potentialAction":[{"@type":"ReadAction","target":["https:\/\/arlaux.com\/fr\/nous-trouver\/"]}]},{"@type":"BreadcrumbList","@id":"https:\/\/arlaux.com\/fr\/nous-trouver\/#breadcrumb","itemListElement":[{"@type":"ListItem","position":1,"name":"Home","item":"https:\/\/arlaux.com\/fr\/"},{"@type":"ListItem","position":2,"name":"Nous trouver"}]},{"@type":"WebSite","@id":"https:\/\/arlaux.com\/fr\/#website","url":"https:\/\/arlaux.com\/fr\/","name":"Arlaux Champagne","description":"Premier Cru depuis 1826","publisher":{"@id":"https:\/\/arlaux.com\/fr\/#organization"},"potentialAction":[{"@type":"SearchAction","target":{"@type":"EntryPoint","urlTemplate":"https:\/\/arlaux.com\/fr\/?s={search_term_string}"},"query-input":{"@type":"PropertyValueSpecification","valueRequired":true,"valueName":"search_term_string"}}],"inLanguage":"fr-FR"},{"@type":"Organization","@id":"https:\/\/arlaux.com\/fr\/#organization","name":"Arlaux Champagne","url":"https:\/\/arlaux.com\/fr\/","logo":{"@type":"ImageObject","inLanguage":"fr-FR","@id":"https:\/\/arlaux.com\/fr\/#\/schema\/logo\/image\/","url":"https:\/\/arlaux.com\/wp-content\/uploads\/2020\/09\/Logo-Arlaux-180E06-portfolo.png","contentUrl":"https:\/\/arlaux.com\/wp-content\/uploads\/2020\/09\/Logo-Arlaux-180E06-portfolo.png","width":185,"height":150,"caption":"Arlaux Champagne"},"image":{"@id":"https:\/\/arlaux.com\/fr\/#\/schema\/logo\/image\/"},"sameAs":["https:\/\/twitter.com\/ArlauxChampagne","https:\/\/x.com\/ArlauxChampagne","https:\/\/www.instagram.com\/arlauxchampagneofficial\/?hl=fr"]}]}},"_links":{"self":[{"href":"https:\/\/arlaux.com\/fr\/wp-json\/wp\/v2\/pages\/2191","targetHints":{"allow":["GET"]}}],"collection":[{"href":"https:\/\/arlaux.com\/fr\/wp-json\/wp\/v2\/pages"}],"about":[{"href":"https:\/\/arlaux.com\/fr\/wp-json\/wp\/v2\/types\/page"}],"author":[{"embeddable":true,"href":"https:\/\/arlaux.com\/fr\/wp-json\/wp\/v2\/users\/1"}],"replies":[{"embeddable":true,"href":"https:\/\/arlaux.com\/fr\/wp-json\/wp\/v2\/comments?post=2191"}],"version-history":[{"count":4,"href":"https:\/\/arlaux.com\/fr\/wp-json\/wp\/v2\/pages\/2191\/revisions"}],"predecessor-version":[{"id":3617,"href":"https:\/\/arlaux.com\/fr\/wp-json\/wp\/v2\/pages\/2191\/revisions\/3617"}],"wp:attachment":[{"href":"https:\/\/arlaux.com\/fr\/wp-json\/wp\/v2\/media?parent=2191"}],"curies":[{"name":"wp","href":"https:\/\/api.w.org\/{rel}","templated":true}]}}