{"id":2045,"date":"2020-04-27T11:24:59","date_gmt":"2020-04-27T09:24:59","guid":{"rendered":"https:\/\/arlaux.com\/?page_id=2045"},"modified":"2020-07-09T08:10:08","modified_gmt":"2020-07-09T06:10:08","slug":"nos-champagnes","status":"publish","type":"page","link":"https:\/\/arlaux.com\/fr\/nos-champagnes\/","title":{"rendered":"Nos champagnes"},"content":{"rendered":"<section class=\"wpb-content-wrapper\"><p>[vc_row row_type=\u00a0\u00bbrow\u00a0\u00bb use_row_as_full_screen_section=\u00a0\u00bbno\u00a0\u00bb type=\u00a0\u00bbfull_width\u00a0\u00bb text_align=\u00a0\u00bbleft\u00a0\u00bb video=\u00a0\u00bb\u00a0\u00bb css_animation=\u00a0\u00bb\u00a0\u00bb box_shadow_on_row=\u00a0\u00bbno\u00a0\u00bb][vc_column][vc_single_image image=\u00a0\u00bb2341&Prime; img_size=\u00a0\u00bb180&#215;140&Prime; eltd_css_animation=\u00a0\u00bb\u00a0\u00bb css=\u00a0\u00bb.vc_custom_1590605531949{padding-top: 5px !important;padding-left: 20px !important;}\u00a0\u00bb el_class=\u00a0\u00bblogo-arlaux\u00a0\u00bb][\/vc_column][\/vc_row][vc_row row_type=\u00a0\u00bbrow\u00a0\u00bb use_row_as_full_screen_section=\u00a0\u00bbno\u00a0\u00bb type=\u00a0\u00bbgrid\u00a0\u00bb text_align=\u00a0\u00bbleft\u00a0\u00bb video=\u00a0\u00bb\u00a0\u00bb css_animation=\u00a0\u00bb\u00a0\u00bb box_shadow_on_row=\u00a0\u00bbno\u00a0\u00bb el_class=\u00a0\u00bbtop-section-titre\u00a0\u00bb][vc_column css=\u00a0\u00bb.vc_custom_1589204737825{background-position: center !important;background-repeat: no-repeat !important;background-size: contain !important;}\u00a0\u00bb][vc_column_text]<\/p>\n<h4 style=\"text-align: center;\">Grands vins de<\/h4>\n<p>[\/vc_column_text][vc_column_text css=\u00a0\u00bb.vc_custom_1594243129956{margin-top: 10px !important;}\u00a0\u00bb]<\/p>\n<h3 style=\"text-align: center;\">Champagnes<\/h3>\n<p>[\/vc_column_text][vc_separator type=\u00a0\u00bbsmall\u00a0\u00bb position=\u00a0\u00bbcenter\u00a0\u00bb width=\u00a0\u00bb120&Prime; thickness=\u00a0\u00bb2&Prime; up=\u00a0\u00bb25&Prime; down=\u00a0\u00bb40&Prime;][vc_column_text]<\/p>\n<p style=\"text-align: center;\">\u00c9labor\u00e9s avec passion \u00e0 partir des seuls meilleurs jus des raisins issus de nos vignes Premier Cru, nos champagnes b\u00e9n\u00e9ficient d\u2019un vieillissement exceptionnel en cave de trois \u00e0 quinze ans sur lies avant d\u00e9gorgement.<\/p>\n<p style=\"text-align: center;\">Fruits d\u2019un travail artisanal et respectueux de la nature, ils sont l\u2019expression parfaite du terroir de la Montagne de Reims, l\u2019un des plus renomm\u00e9s et des plus historiques de Champagne.<\/p>\n<p>[\/vc_column_text][\/vc_column][\/vc_row][vc_row row_type=\u00a0\u00bbrow\u00a0\u00bb use_row_as_full_screen_section=\u00a0\u00bbno\u00a0\u00bb type=\u00a0\u00bbgrid\u00a0\u00bb text_align=\u00a0\u00bbleft\u00a0\u00bb video=\u00a0\u00bb\u00a0\u00bb padding_top=\u00a0\u00bb50&Prime; padding_bottom=\u00a0\u00bb20&Prime; css_animation=\u00a0\u00bb\u00a0\u00bb box_shadow_on_row=\u00a0\u00bbno\u00a0\u00bb][vc_column][vc_column_text el_class=\u00a0\u00bbtitre-categorie-portfolio\u00a0\u00bb]<\/p>\n<h5 style=\"text-align: center;\">Nos cuv\u00e9ees signature<\/h5>\n<p>[\/vc_column_text][\/vc_column][\/vc_row][vc_row row_type=\u00a0\u00bbrow\u00a0\u00bb use_row_as_full_screen_section=\u00a0\u00bbno\u00a0\u00bb type=\u00a0\u00bbgrid\u00a0\u00bb text_align=\u00a0\u00bbleft\u00a0\u00bb video=\u00a0\u00bb\u00a0\u00bb css_animation=\u00a0\u00bb\u00a0\u00bb box_shadow_on_row=\u00a0\u00bbno\u00a0\u00bb][vc_column css_animation=\u00a0\u00bbnone\u00a0\u00bb css=\u00a0\u00bb.vc_custom_1589305203585{padding-right: 80px !important;padding-left: 80px !important;}\u00a0\u00bb]<div class='projects_holder_outer v2 portfolio_with_space portfolio_with_hover_text '><div class='portfolio_main_holder projects_holder portfolio_one_by_one clearfix v2 hover_text'>\n<article  class='mix  without_box_shadow portfolio_category_58 '><div class=\"item_holder prominent_plain_hover\"><div class=\"text_holder\"><div class=\"text_holder_outer\"><div class=\"text_holder_inner\"><h4 class=\"portfolio_title\" ><a href=\"https:\/\/arlaux.com\/fr\/portfolio_page\/brut-grande-cuvee\/\" >Brut Grande Cuv\u00e9e<\/a><\/h4><span class=\"separator animate\" style=\"height: 1px;\"><\/span><\/div><\/div><\/div><a class=\"portfolio_link_class\" href=\"https:\/\/arlaux.com\/fr\/portfolio_page\/brut-grande-cuvee\/\" target=_self><\/a><div class=\"portfolio_shader\" ><\/div><div class=\"image_holder\"><span class=\"image\"><img loading=\"lazy\" decoding=\"async\" width=\"800\" height=\"600\" src=\"https:\/\/arlaux.com\/wp-content\/uploads\/2020\/05\/Arlaux-1-Photo-BGC-800x600.jpg\" class=\"attachment-portfolio-landscape size-portfolio-landscape wp-post-image\" alt=\"\" \/><\/span><\/div><\/div><\/article>\n<article  class='mix  without_box_shadow portfolio_category_58 '><div class=\"item_holder prominent_plain_hover\"><div class=\"text_holder\"><div class=\"text_holder_outer\"><div class=\"text_holder_inner\"><h4 class=\"portfolio_title\" ><a href=\"https:\/\/arlaux.com\/fr\/portfolio_page\/brut-rose\/\" >Brut ros\u00e9<\/a><\/h4><span class=\"separator animate\" style=\"height: 1px;\"><\/span><\/div><\/div><\/div><a class=\"portfolio_link_class\" href=\"https:\/\/arlaux.com\/fr\/portfolio_page\/brut-rose\/\" target=_self><\/a><div class=\"portfolio_shader\" ><\/div><div class=\"image_holder\"><span class=\"image\"><img loading=\"lazy\" decoding=\"async\" width=\"800\" height=\"600\" src=\"https:\/\/arlaux.com\/wp-content\/uploads\/2020\/05\/Arlaux-2-Photo-Rose-800x600.jpg\" class=\"attachment-portfolio-landscape size-portfolio-landscape wp-post-image\" alt=\"\" \/><\/span><\/div><\/div><\/article>\n<div class='filler'><\/div>\n<div class='filler'><\/div>\n<\/div><\/div>[\/vc_column][\/vc_row][vc_row row_type=\u00a0\u00bbrow\u00a0\u00bb use_row_as_full_screen_section=\u00a0\u00bbno\u00a0\u00bb type=\u00a0\u00bbgrid\u00a0\u00bb text_align=\u00a0\u00bbleft\u00a0\u00bb video=\u00a0\u00bb\u00a0\u00bb padding_top=\u00a0\u00bb20&Prime; padding_bottom=\u00a0\u00bb20&Prime; css_animation=\u00a0\u00bb\u00a0\u00bb box_shadow_on_row=\u00a0\u00bbno\u00a0\u00bb][vc_column][vc_column_text el_class=\u00a0\u00bbtitre-categorie-portfolio\u00a0\u00bb]<\/p>\n<h5 style=\"text-align: center;\">\u00ab\u00a0Sans Dosage\u00a0\u00bb<\/h5>\n<p>[\/vc_column_text][\/vc_column][\/vc_row][vc_row row_type=\u00a0\u00bbrow\u00a0\u00bb use_row_as_full_screen_section=\u00a0\u00bbno\u00a0\u00bb type=\u00a0\u00bbgrid\u00a0\u00bb text_align=\u00a0\u00bbleft\u00a0\u00bb video=\u00a0\u00bb\u00a0\u00bb css_animation=\u00a0\u00bb\u00a0\u00bb box_shadow_on_row=\u00a0\u00bbno\u00a0\u00bb][vc_column css_animation=\u00a0\u00bbnone\u00a0\u00bb css=\u00a0\u00bb.vc_custom_1589313589221{padding-right: 80px !important;padding-left: 80px !important;}\u00a0\u00bb]<div class='projects_holder_outer v2 portfolio_with_space portfolio_with_hover_text '><div class='portfolio_main_holder projects_holder portfolio_one_by_one clearfix v2 hover_text'>\n<article  class='mix  without_box_shadow portfolio_category_56 '><div class=\"item_holder prominent_plain_hover\"><div class=\"text_holder\"><div class=\"text_holder_outer\"><div class=\"text_holder_inner\"><h4 class=\"portfolio_title\" ><a href=\"https:\/\/arlaux.com\/fr\/portfolio_page\/brut-nature\/\" >Brut nature<\/a><\/h4><span class=\"separator animate\" style=\"height: 1px;\"><\/span><\/div><\/div><\/div><a class=\"portfolio_link_class\" href=\"https:\/\/arlaux.com\/fr\/portfolio_page\/brut-nature\/\" target=_self><\/a><div class=\"portfolio_shader\" ><\/div><div class=\"image_holder\"><span class=\"image\"><img loading=\"lazy\" decoding=\"async\" width=\"800\" height=\"600\" src=\"https:\/\/arlaux.com\/wp-content\/uploads\/2020\/05\/Arlaux-3-Photo-BN-800x600.jpg\" class=\"attachment-portfolio-landscape size-portfolio-landscape wp-post-image\" alt=\"\" \/><\/span><\/div><\/div><\/article>\n<article  class='mix  without_box_shadow portfolio_category_56 '><div class=\"item_holder prominent_plain_hover\"><div class=\"text_holder\"><div class=\"text_holder_outer\"><div class=\"text_holder_inner\"><h4 class=\"portfolio_title\" ><a href=\"https:\/\/arlaux.com\/fr\/portfolio_page\/rose-nature\/\" >Ros\u00e9 nature<\/a><\/h4><span class=\"separator animate\" style=\"height: 1px;\"><\/span><\/div><\/div><\/div><a class=\"portfolio_link_class\" href=\"https:\/\/arlaux.com\/fr\/portfolio_page\/rose-nature\/\" target=_self><\/a><div class=\"portfolio_shader\" ><\/div><div class=\"image_holder\"><span class=\"image\"><img loading=\"lazy\" decoding=\"async\" width=\"800\" height=\"600\" src=\"https:\/\/arlaux.com\/wp-content\/uploads\/2020\/05\/Arlaux-4-Photo-RN-800x600.jpg\" class=\"attachment-portfolio-landscape size-portfolio-landscape wp-post-image\" alt=\"\" \/><\/span><\/div><\/div><\/article>\n<div class='filler'><\/div>\n<div class='filler'><\/div>\n<\/div><\/div>[\/vc_column][\/vc_row][vc_row row_type=\u00a0\u00bbrow\u00a0\u00bb use_row_as_full_screen_section=\u00a0\u00bbno\u00a0\u00bb type=\u00a0\u00bbgrid\u00a0\u00bb text_align=\u00a0\u00bbleft\u00a0\u00bb video=\u00a0\u00bb\u00a0\u00bb padding_top=\u00a0\u00bb20&Prime; padding_bottom=\u00a0\u00bb20&Prime; css_animation=\u00a0\u00bb\u00a0\u00bb box_shadow_on_row=\u00a0\u00bbno\u00a0\u00bb][vc_column][vc_column_text el_class=\u00a0\u00bbtitre-categorie-portfolio\u00a0\u00bb]<\/p>\n<h5 style=\"text-align: center;\">Champagnes d&rsquo;exception<\/h5>\n<p>[\/vc_column_text][\/vc_column][\/vc_row][vc_row row_type=\u00a0\u00bbrow\u00a0\u00bb use_row_as_full_screen_section=\u00a0\u00bbno\u00a0\u00bb type=\u00a0\u00bbgrid\u00a0\u00bb text_align=\u00a0\u00bbleft\u00a0\u00bb video=\u00a0\u00bb\u00a0\u00bb css_animation=\u00a0\u00bb\u00a0\u00bb box_shadow_on_row=\u00a0\u00bbno\u00a0\u00bb][vc_column css_animation=\u00a0\u00bbnone\u00a0\u00bb css=\u00a0\u00bb.vc_custom_1589313597115{padding-right: 80px !important;padding-left: 80px !important;}\u00a0\u00bb]<div class='projects_holder_outer v2 portfolio_with_space portfolio_with_hover_text '><div class='portfolio_main_holder projects_holder portfolio_one_by_one clearfix v2 hover_text'>\n<article  class='mix  without_box_shadow portfolio_category_59 '><div class=\"item_holder prominent_plain_hover\"><div class=\"text_holder\"><div class=\"text_holder_outer\"><div class=\"text_holder_inner\"><h4 class=\"portfolio_title\" ><a href=\"https:\/\/arlaux.com\/fr\/portfolio_page\/grand-bourgeois\/\" >Grand Bourgeois<\/a><\/h4><span class=\"separator animate\" style=\"height: 1px;\"><\/span><\/div><\/div><\/div><a class=\"portfolio_link_class\" href=\"https:\/\/arlaux.com\/fr\/portfolio_page\/grand-bourgeois\/\" target=_self><\/a><div class=\"portfolio_shader\" ><\/div><div class=\"image_holder\"><span class=\"image\"><img loading=\"lazy\" decoding=\"async\" width=\"800\" height=\"600\" src=\"https:\/\/arlaux.com\/wp-content\/uploads\/2020\/05\/Arlaux-5-Photo-GB-800x600.jpg\" class=\"attachment-portfolio-landscape size-portfolio-landscape wp-post-image\" alt=\"\" \/><\/span><\/div><\/div><\/article>\n<article  class='mix  without_box_shadow portfolio_category_59 '><div class=\"item_holder prominent_plain_hover\"><div class=\"text_holder\"><div class=\"text_holder_outer\"><div class=\"text_holder_inner\"><h4 class=\"portfolio_title\" ><a href=\"https:\/\/arlaux.com\/fr\/portfolio_page\/speciale-reserve\/\" >Sp\u00e9ciale R\u00e9serve<\/a><\/h4><span class=\"separator animate\" style=\"height: 1px;\"><\/span><\/div><\/div><\/div><a class=\"portfolio_link_class\" href=\"https:\/\/arlaux.com\/fr\/portfolio_page\/speciale-reserve\/\" target=_self><\/a><div class=\"portfolio_shader\" ><\/div><div class=\"image_holder\"><span class=\"image\"><img loading=\"lazy\" decoding=\"async\" width=\"800\" height=\"600\" src=\"https:\/\/arlaux.com\/wp-content\/uploads\/2020\/05\/Arlaux-6-Photo-SR-800x600.jpg\" class=\"attachment-portfolio-landscape size-portfolio-landscape wp-post-image\" alt=\"\" \/><\/span><\/div><\/div><\/article>\n<div class='filler'><\/div>\n<div class='filler'><\/div>\n<\/div><\/div>[\/vc_column][\/vc_row][vc_row row_type=\u00a0\u00bbrow\u00a0\u00bb use_row_as_full_screen_section=\u00a0\u00bbno\u00a0\u00bb type=\u00a0\u00bbgrid\u00a0\u00bb text_align=\u00a0\u00bbleft\u00a0\u00bb video=\u00a0\u00bb\u00a0\u00bb padding_top=\u00a0\u00bb20&Prime; padding_bottom=\u00a0\u00bb20&Prime; css_animation=\u00a0\u00bb\u00a0\u00bb box_shadow_on_row=\u00a0\u00bbno\u00a0\u00bb][vc_column][vc_column_text el_class=\u00a0\u00bbtitre-categorie-portfolio\u00a0\u00bb]<\/p>\n<h5 style=\"text-align: center;\">Mill\u00e9simes Rares<\/h5>\n<p>[\/vc_column_text][\/vc_column][\/vc_row][vc_row row_type=\u00a0\u00bbrow\u00a0\u00bb use_row_as_full_screen_section=\u00a0\u00bbno\u00a0\u00bb type=\u00a0\u00bbgrid\u00a0\u00bb text_align=\u00a0\u00bbleft\u00a0\u00bb video=\u00a0\u00bb\u00a0\u00bb css_animation=\u00a0\u00bb\u00a0\u00bb box_shadow_on_row=\u00a0\u00bbno\u00a0\u00bb][vc_column css_animation=\u00a0\u00bbnone\u00a0\u00bb css=\u00a0\u00bb.vc_custom_1589313609512{padding-right: 80px !important;padding-left: 80px !important;}\u00a0\u00bb]<div class='projects_holder_outer v2 portfolio_with_space portfolio_with_hover_text '><div class='portfolio_main_holder projects_holder portfolio_one_by_one clearfix v2 hover_text'>\n<article  class='mix  without_box_shadow portfolio_category_60 '><div class=\"item_holder prominent_plain_hover\"><div class=\"text_holder\"><div class=\"text_holder_outer\"><div class=\"text_holder_inner\"><h4 class=\"portfolio_title\" ><a href=\"https:\/\/arlaux.com\/fr\/portfolio_page\/1998\/\" >1998<\/a><\/h4><span class=\"separator animate\" style=\"height: 1px;\"><\/span><\/div><\/div><\/div><a class=\"portfolio_link_class\" href=\"https:\/\/arlaux.com\/fr\/portfolio_page\/1998\/\" target=_self><\/a><div class=\"portfolio_shader\" ><\/div><div class=\"image_holder\"><span class=\"image\"><img loading=\"lazy\" decoding=\"async\" width=\"800\" height=\"600\" src=\"https:\/\/arlaux.com\/wp-content\/uploads\/2020\/05\/Arlaux-8-Photo-MR98-800x600.jpg\" class=\"attachment-portfolio-landscape size-portfolio-landscape wp-post-image\" alt=\"\" \/><\/span><\/div><\/div><\/article>\n<article  class='mix  without_box_shadow portfolio_category_60 '><div class=\"item_holder prominent_plain_hover\"><div class=\"text_holder\"><div class=\"text_holder_outer\"><div class=\"text_holder_inner\"><h4 class=\"portfolio_title\" ><a href=\"https:\/\/arlaux.com\/fr\/portfolio_page\/2002\/\" >2002<\/a><\/h4><span class=\"separator animate\" style=\"height: 1px;\"><\/span><\/div><\/div><\/div><a class=\"portfolio_link_class\" href=\"https:\/\/arlaux.com\/fr\/portfolio_page\/2002\/\" target=_self><\/a><div class=\"portfolio_shader\" ><\/div><div class=\"image_holder\"><span class=\"image\"><img loading=\"lazy\" decoding=\"async\" width=\"800\" height=\"600\" src=\"https:\/\/arlaux.com\/wp-content\/uploads\/2020\/05\/Arlaux-7-Photo-MR02-800x600.jpg\" class=\"attachment-portfolio-landscape size-portfolio-landscape wp-post-image\" alt=\"\" \/><\/span><\/div><\/div><\/article>\n<div class='filler'><\/div>\n<div class='filler'><\/div>\n<\/div><\/div>[\/vc_column][\/vc_row][vc_row row_type=\u00a0\u00bbrow\u00a0\u00bb use_row_as_full_screen_section=\u00a0\u00bbno\u00a0\u00bb type=\u00a0\u00bbgrid\u00a0\u00bb text_align=\u00a0\u00bbleft\u00a0\u00bb video=\u00a0\u00bb\u00a0\u00bb padding_top=\u00a0\u00bb20&Prime; padding_bottom=\u00a0\u00bb20&Prime; css_animation=\u00a0\u00bb\u00a0\u00bb box_shadow_on_row=\u00a0\u00bbno\u00a0\u00bb][vc_column][vc_column_text el_class=\u00a0\u00bbtitre-categorie-portfolio\u00a0\u00bb]<\/p>\n<h5 style=\"text-align: center;\">\u00c9ditions limit\u00e9es<\/h5>\n<p>[\/vc_column_text][\/vc_column][\/vc_row][vc_row row_type=\u00a0\u00bbrow\u00a0\u00bb use_row_as_full_screen_section=\u00a0\u00bbno\u00a0\u00bb type=\u00a0\u00bbgrid\u00a0\u00bb text_align=\u00a0\u00bbleft\u00a0\u00bb video=\u00a0\u00bb\u00a0\u00bb css_animation=\u00a0\u00bb\u00a0\u00bb box_shadow_on_row=\u00a0\u00bbno\u00a0\u00bb][vc_column css_animation=\u00a0\u00bbnone\u00a0\u00bb css=\u00a0\u00bb.vc_custom_1589313619856{padding-right: 80px !important;padding-left: 80px !important;}\u00a0\u00bb]<div class='projects_holder_outer v2 portfolio_with_space portfolio_with_hover_text '><div class='portfolio_main_holder projects_holder portfolio_one_by_one clearfix v2 hover_text'>\n<article  class='mix  without_box_shadow portfolio_category_57 '><div class=\"item_holder prominent_plain_hover\"><div class=\"text_holder\"><div class=\"text_holder_outer\"><div class=\"text_holder_inner\"><h4 class=\"portfolio_title\" ><a href=\"https:\/\/arlaux.com\/fr\/portfolio_page\/les-roses-blanches\/\" >Les roses blanches<\/a><\/h4><span class=\"separator animate\" style=\"height: 1px;\"><\/span><\/div><\/div><\/div><a class=\"portfolio_link_class\" href=\"https:\/\/arlaux.com\/fr\/portfolio_page\/les-roses-blanches\/\" target=_self><\/a><div class=\"portfolio_shader\" ><\/div><div class=\"image_holder\"><span class=\"image\"><img loading=\"lazy\" decoding=\"async\" width=\"800\" height=\"600\" src=\"https:\/\/arlaux.com\/wp-content\/uploads\/2020\/05\/Arlaux-9-Photo-RB96-800x600.jpg\" class=\"attachment-portfolio-landscape size-portfolio-landscape wp-post-image\" alt=\"\" \/><\/span><\/div><\/div><\/article>\n<article  class='mix  without_box_shadow portfolio_category_57 '><div class=\"item_holder prominent_plain_hover\"><div class=\"text_holder\"><div class=\"text_holder_outer\"><div class=\"text_holder_inner\"><h4 class=\"portfolio_title\" ><a href=\"https:\/\/arlaux.com\/fr\/portfolio_page\/oeunotheque\/\" >\u0152unoth\u00e8que<\/a><\/h4><span class=\"separator animate\" style=\"height: 1px;\"><\/span><\/div><\/div><\/div><a class=\"portfolio_link_class\" href=\"https:\/\/arlaux.com\/fr\/portfolio_page\/oeunotheque\/\" target=_self><\/a><div class=\"portfolio_shader\" ><\/div><div class=\"image_holder\"><span class=\"image\"><img loading=\"lazy\" decoding=\"async\" width=\"800\" height=\"600\" src=\"https:\/\/arlaux.com\/wp-content\/uploads\/2020\/05\/Arlaux-10-Photo-Oeno-800x600.jpg\" class=\"attachment-portfolio-landscape size-portfolio-landscape wp-post-image\" alt=\"\" \/><\/span><\/div><\/div><\/article>\n<div class='filler'><\/div>\n<div class='filler'><\/div>\n<\/div><\/div>[\/vc_column][\/vc_row][vc_row row_type=\u00a0\u00bbrow\u00a0\u00bb use_row_as_full_screen_section=\u00a0\u00bbno\u00a0\u00bb type=\u00a0\u00bbfull_width\u00a0\u00bb text_align=\u00a0\u00bbleft\u00a0\u00bb video=\u00a0\u00bb\u00a0\u00bb css_animation=\u00a0\u00bb\u00a0\u00bb box_shadow_on_row=\u00a0\u00bbno\u00a0\u00bb][vc_column][vc_empty_space height=\u00a0\u00bb70px\u00a0\u00bb image_repeat=\u00a0\u00bbno-repeat\u00a0\u00bb][\/vc_column][\/vc_row]<\/p>\n<\/section>","protected":false},"excerpt":{"rendered":"<p>[vc_row row_type=\u00a0\u00bbrow\u00a0\u00bb use_row_as_full_screen_section=\u00a0\u00bbno\u00a0\u00bb type=\u00a0\u00bbfull_width\u00a0\u00bb text_align=\u00a0\u00bbleft\u00a0\u00bb video=\u00a0\u00bb\u00a0\u00bb css_animation=\u00a0\u00bb\u00a0\u00bb box_shadow_on_row=\u00a0\u00bbno\u00a0\u00bb][vc_column][vc_single_image image=\u00a0\u00bb2341&Prime; img_size=\u00a0\u00bb180&#215;140&Prime; eltd_css_animation=\u00a0\u00bb\u00a0\u00bb css=\u00a0\u00bb.vc_custom_1590605531949{padding-top: 5px !important;padding-left: 20px !important;}\u00a0\u00bb el_class=\u00a0\u00bblogo-arlaux\u00a0\u00bb][\/vc_column][\/vc_row][vc_row row_type=\u00a0\u00bbrow\u00a0\u00bb use_row_as_full_screen_section=\u00a0\u00bbno\u00a0\u00bb type=\u00a0\u00bbgrid\u00a0\u00bb text_align=\u00a0\u00bbleft\u00a0\u00bb video=\u00a0\u00bb\u00a0\u00bb css_animation=\u00a0\u00bb\u00a0\u00bb box_shadow_on_row=\u00a0\u00bbno\u00a0\u00bb el_class=\u00a0\u00bbtop-section-titre\u00a0\u00bb][vc_column css=\u00a0\u00bb.vc_custom_1589204737825{background-position: center !important;background-repeat: no-repeat !important;background-size: contain !important;}\u00a0\u00bb][vc_column_text] Grands vins de [\/vc_column_text][vc_column_text css=\u00a0\u00bb.vc_custom_1594243129956{margin-top: 10px !important;}\u00a0\u00bb] Champagnes [\/vc_column_text][vc_separator type=\u00a0\u00bbsmall\u00a0\u00bb position=\u00a0\u00bbcenter\u00a0\u00bb width=\u00a0\u00bb120&Prime; thickness=\u00a0\u00bb2&Prime;&#8230;<\/p>\n","protected":false},"author":1,"featured_media":0,"parent":0,"menu_order":300,"comment_status":"closed","ping_status":"closed","template":"full_width.php","meta":{"footnotes":""},"class_list":["post-2045","page","type-page","status-publish","hentry"],"yoast_head":"<!-- This site is optimized with the Yoast SEO plugin v25.1 - https:\/\/yoast.com\/wordpress\/plugins\/seo\/ -->\n<title>Nos champagnes - Arlaux Champagne<\/title>\n<meta name=\"description\" content=\"Avec de fines bulles et des ar\u00f4mes d\u00e9licats, les Champagnes Arlaux sont uniques depuis 1826.L\u2019abus d\u2019alcool est dangereux pour la sant\u00e9. A consommer avec mod\u00e9ration.\" \/>\n<meta name=\"robots\" content=\"index, follow, max-snippet:-1, max-image-preview:large, max-video-preview:-1\" \/>\n<link rel=\"canonical\" href=\"https:\/\/arlaux.com\/fr\/nos-champagnes\/\" \/>\n<meta property=\"og:locale\" content=\"fr_FR\" \/>\n<meta property=\"og:type\" content=\"article\" \/>\n<meta property=\"og:title\" content=\"Nos champagnes - Arlaux Champagne\" \/>\n<meta property=\"og:description\" content=\"Avec de fines bulles et des ar\u00f4mes d\u00e9licats, les Champagnes Arlaux sont uniques depuis 1826.L\u2019abus d\u2019alcool est dangereux pour la sant\u00e9. A consommer avec mod\u00e9ration.\" \/>\n<meta property=\"og:url\" content=\"https:\/\/arlaux.com\/fr\/nos-champagnes\/\" \/>\n<meta property=\"og:site_name\" content=\"Arlaux Champagne\" \/>\n<meta property=\"article:publisher\" content=\"https:\/\/twitter.com\/ArlauxChampagne\" \/>\n<meta property=\"article:modified_time\" content=\"2020-07-09T06:10:08+00:00\" \/>\n<meta name=\"twitter:card\" content=\"summary_large_image\" \/>\n<meta name=\"twitter:site\" content=\"@ArlauxChampagne\" \/>\n<meta name=\"twitter:label1\" content=\"Dur\u00e9e de lecture estim\u00e9e\" \/>\n\t<meta name=\"twitter:data1\" content=\"5 minutes\" \/>\n<!-- \/ Yoast SEO plugin. -->","yoast_head_json":{"title":"Nos champagnes - Arlaux Champagne","description":"Avec de fines bulles et des ar\u00f4mes d\u00e9licats, les Champagnes Arlaux sont uniques depuis 1826.L\u2019abus d\u2019alcool est dangereux pour la sant\u00e9. A consommer avec mod\u00e9ration.","robots":{"index":"index","follow":"follow","max-snippet":"max-snippet:-1","max-image-preview":"max-image-preview:large","max-video-preview":"max-video-preview:-1"},"canonical":"https:\/\/arlaux.com\/fr\/nos-champagnes\/","og_locale":"fr_FR","og_type":"article","og_title":"Nos champagnes - Arlaux Champagne","og_description":"Avec de fines bulles et des ar\u00f4mes d\u00e9licats, les Champagnes Arlaux sont uniques depuis 1826.L\u2019abus d\u2019alcool est dangereux pour la sant\u00e9. A consommer avec mod\u00e9ration.","og_url":"https:\/\/arlaux.com\/fr\/nos-champagnes\/","og_site_name":"Arlaux Champagne","article_publisher":"https:\/\/twitter.com\/ArlauxChampagne","article_modified_time":"2020-07-09T06:10:08+00:00","twitter_card":"summary_large_image","twitter_site":"@ArlauxChampagne","twitter_misc":{"Dur\u00e9e de lecture estim\u00e9e":"5 minutes"},"schema":{"@context":"https:\/\/schema.org","@graph":[{"@type":"WebPage","@id":"https:\/\/arlaux.com\/fr\/nos-champagnes\/","url":"https:\/\/arlaux.com\/fr\/nos-champagnes\/","name":"Nos champagnes - Arlaux Champagne","isPartOf":{"@id":"https:\/\/arlaux.com\/fr\/#website"},"datePublished":"2020-04-27T09:24:59+00:00","dateModified":"2020-07-09T06:10:08+00:00","description":"Avec de fines bulles et des ar\u00f4mes d\u00e9licats, les Champagnes Arlaux sont uniques depuis 1826.L\u2019abus d\u2019alcool est dangereux pour la sant\u00e9. A consommer avec mod\u00e9ration.","breadcrumb":{"@id":"https:\/\/arlaux.com\/fr\/nos-champagnes\/#breadcrumb"},"inLanguage":"fr-FR","potentialAction":[{"@type":"ReadAction","target":["https:\/\/arlaux.com\/fr\/nos-champagnes\/"]}]},{"@type":"BreadcrumbList","@id":"https:\/\/arlaux.com\/fr\/nos-champagnes\/#breadcrumb","itemListElement":[{"@type":"ListItem","position":1,"name":"Home","item":"https:\/\/arlaux.com\/fr\/"},{"@type":"ListItem","position":2,"name":"Nos champagnes"}]},{"@type":"WebSite","@id":"https:\/\/arlaux.com\/fr\/#website","url":"https:\/\/arlaux.com\/fr\/","name":"Arlaux Champagne","description":"Premier Cru depuis 1826","publisher":{"@id":"https:\/\/arlaux.com\/fr\/#organization"},"potentialAction":[{"@type":"SearchAction","target":{"@type":"EntryPoint","urlTemplate":"https:\/\/arlaux.com\/fr\/?s={search_term_string}"},"query-input":{"@type":"PropertyValueSpecification","valueRequired":true,"valueName":"search_term_string"}}],"inLanguage":"fr-FR"},{"@type":"Organization","@id":"https:\/\/arlaux.com\/fr\/#organization","name":"Arlaux Champagne","url":"https:\/\/arlaux.com\/fr\/","logo":{"@type":"ImageObject","inLanguage":"fr-FR","@id":"https:\/\/arlaux.com\/fr\/#\/schema\/logo\/image\/","url":"https:\/\/arlaux.com\/wp-content\/uploads\/2020\/09\/Logo-Arlaux-180E06-portfolo.png","contentUrl":"https:\/\/arlaux.com\/wp-content\/uploads\/2020\/09\/Logo-Arlaux-180E06-portfolo.png","width":185,"height":150,"caption":"Arlaux Champagne"},"image":{"@id":"https:\/\/arlaux.com\/fr\/#\/schema\/logo\/image\/"},"sameAs":["https:\/\/twitter.com\/ArlauxChampagne","https:\/\/x.com\/ArlauxChampagne","https:\/\/www.instagram.com\/arlauxchampagneofficial\/?hl=fr"]}]}},"_links":{"self":[{"href":"https:\/\/arlaux.com\/fr\/wp-json\/wp\/v2\/pages\/2045","targetHints":{"allow":["GET"]}}],"collection":[{"href":"https:\/\/arlaux.com\/fr\/wp-json\/wp\/v2\/pages"}],"about":[{"href":"https:\/\/arlaux.com\/fr\/wp-json\/wp\/v2\/types\/page"}],"author":[{"embeddable":true,"href":"https:\/\/arlaux.com\/fr\/wp-json\/wp\/v2\/users\/1"}],"replies":[{"embeddable":true,"href":"https:\/\/arlaux.com\/fr\/wp-json\/wp\/v2\/comments?post=2045"}],"version-history":[{"count":13,"href":"https:\/\/arlaux.com\/fr\/wp-json\/wp\/v2\/pages\/2045\/revisions"}],"predecessor-version":[{"id":3251,"href":"https:\/\/arlaux.com\/fr\/wp-json\/wp\/v2\/pages\/2045\/revisions\/3251"}],"wp:attachment":[{"href":"https:\/\/arlaux.com\/fr\/wp-json\/wp\/v2\/media?parent=2045"}],"curies":[{"name":"wp","href":"https:\/\/api.w.org\/{rel}","templated":true}]}}