{"id":1874,"date":"2020-04-24T22:33:16","date_gmt":"2020-04-24T20:33:16","guid":{"rendered":"https:\/\/arlaux.com\/privacy-policy-bis\/"},"modified":"2020-07-02T19:22:21","modified_gmt":"2020-07-02T17:22:21","slug":"general-terms-of-use","status":"publish","type":"page","link":"https:\/\/arlaux.com\/en\/general-terms-of-use\/","title":{"rendered":"Terms &#038; conditions"},"content":{"rendered":"<section class=\"wpb-content-wrapper\"><p>[vc_row row_type=&#8221;row&#8221; use_row_as_full_screen_section=&#8221;no&#8221; type=&#8221;full_width&#8221; text_align=&#8221;left&#8221; video=&#8221;&#8221; css_animation=&#8221;&#8221; box_shadow_on_row=&#8221;no&#8221;][vc_column][vc_single_image image=&#8221;2341&#8243; img_size=&#8221;180&#215;140&#8243; eltd_css_animation=&#8221;&#8221; css=&#8221;.vc_custom_1590605531949{padding-top: 5px !important;padding-left: 20px !important;}&#8221; el_class=&#8221;logo-arlaux&#8221;][\/vc_column][\/vc_row][vc_row row_type=&#8221;row&#8221; use_row_as_full_screen_section=&#8221;no&#8221; type=&#8221;full_width&#8221; text_align=&#8221;left&#8221; video=&#8221;&#8221; css_animation=&#8221;&#8221; box_shadow_on_row=&#8221;no&#8221; el_class=&#8221;terms-and-cookies-pages&#8221;][vc_column][vc_column_text]<\/p>\r\n<p><strong>1. EDITOR &#8211; CONTACT<\/strong><\/p>\r\n\r\n\r\n\r\n<p>The <a href=\"https:\/\/arlaux.com\">arlaux.com<\/a> website (the &#8220;Site&#8221;) is edited by ARLAUX SAS, a French company (soci\u00e9t\u00e9 par Actions Simplifi\u00e9e) with:<\/p>\r\n\r\n\r\n\r\n<ul class=\"wp-block-list\">\r\n<li>share capital: 55\u00a0000,00 euros<\/li>\r\n<li>registration number: N\u00b0 500 917 273 RCS Paris<\/li>\r\n<li>VAT number: FR 89 500\u00a0917 273<\/li>\r\n<li>company phone number: Tel: + 33 (0)1 47 07 43 08<\/li>\r\n<li>registered address: 91 Rue du Faubourg Saint-Honor\u00e9 75008 PARIS, France<\/li>\r\n<\/ul>\r\n\r\n<p>Chief Editor: Pierre-Christian Tramier<\/p>\r\n\r\n<p>For any enquiry regarding the Site, please send a message via the contact form.<\/p>\r\n\r\n<p><strong>2. HOSTING<\/strong><\/p>\r\n\r\n\r\n\r\n<p>The Site is hosted by:<\/p>\r\n\r\n\r\n\r\n<ul class=\"wp-block-list\">\r\n<li>company name: OVH, a French company (Soci\u00e9t\u00e9 par Actions Simplifi\u00e9e \u00e0 Associ\u00e9 Unique)<\/li>\r\n<li>share capital: 10 174 560,00 euros<\/li>\r\n<li>registration number: N\u00b0 424 761\u00a0419 R.C.S. Lille M\u00e9tropole<\/li>\r\n<li>VAT number: FR 22 424 761 419<\/li>\r\n<li>company phone number: Tel: +33 (0)5 22 26 00 86<\/li>\r\n<li>registered address: 2 Rue Kellermann, 59100 Roubaix, France<\/li>\r\n<\/ul>\r\n\r\n<p><strong>TERMS AND CONDITIONS OF USE<\/strong><\/p>\r\n\r\n<p>The Site is edited by ARLAUX SAS, a French company with share capital of 55\u00a0000,00 euros, having its registered address at 91 rue du Faubourg Saint-Honor\u00e9, 75001 PARIS, France, registered under n\u00b0 500\u00a0917\u00a0273 RCS Paris (the &#8220;Company&#8221;).<\/p>\r\n\r\n<p>Any use of this Site by any person (&#8220;you&#8221; or the &#8220;user&#8221;) is governed by these terms &amp; conditions of use (Terms &amp; Conditions&#8221;). The purpose of these Terms &amp; Conditions is to define the conditions of access, navigation and use of the Site.<\/p>\r\n\r\n<p>By accessing and using this Site, you accept without restriction to apply these Terms &amp; Conditions as well as the provisions concerning the protection of personal data (read the\u00a0<a href=\"https:\/\/www.ruinart.com\/en-uk\/personal-data-cookies\">Privacy &amp; Cookies Notice<\/a>).<\/p>\r\n\r\n<p>The Company may revise or update these Terms &amp; Conditions and the Privacy &amp; Cookies Notice at any time and without notice. It is your responsibility to re-read these Terms &amp; Conditions and the Privacy &amp; Cookies Notice on a regular basis.<\/p>\r\n\r\n<p>The Company provides this Site only for people who have reached the legal age to consume and\/or purchase alcoholic beverages (whichever is the higher) in their country\/region of residence and provided that the consumption and\/or purchase of alcoholic beverages is legal.<\/p>\r\n\r\n<p>If no such laws exist in your country\/region of residence, you must be over 21 to access the Site.<\/p>\r\n\r\n<p><strong>1. NAVIGATION ON THE SITE<\/strong><\/p>\r\n\r\n<p><strong>1.1 ACCESS TO THE SITE<\/strong><\/p>\r\n\r\n<p>Necessary hardware and software to access Internet and this Site are under sole liability of the users.<br \/>The Company reserves the right, in its absolute discretion, to suspend or terminate access or navigation to all or part of the Site and\/or its content and\/or the available services without prior notice and without entitling any user to claim any indemnity or compensation.<\/p>\r\n\r\n<p>It is forbidden to modify the software or any element of it or to use a modified version of the software, in order to obtain unauthorized access to the Site.<\/p>\r\n\r\n<p><strong>1.2 LINKS<\/strong><\/p>\r\n\r\n<p>The Site may include links to other websites or other internet sources. As the Company cannot control these websites and external sources, the Company cannot be held responsible for the provision or display of these websites and external sources, and may not be held liable for the content, advertising, products, services or any other material available on or from these websites or external sources. Furthermore, the Company cannot be held responsible for any demonstrated or alleged harm or losses resulting from (directly or indirectly) or in relation to the use of, or the fact of having had confidence in, the content, goods or services available on these websites or external sources.<\/p>\r\n\r\n<p><strong>1.3 USER RESPONSIBLE BEHAVIOUR<\/strong><\/p>\r\n\r\n\r\n\r\n<p>Each user warrants:<\/p>\r\n\r\n\r\n\r\n<ul class=\"wp-block-list\">\r\n<li>to be of minimum age legally required to consume and\/or purchase alcohol in accordance with the regulations of user\u2019s country\/region of residence,<\/li>\r\n<li>to use the Site for user\u2019s personal and lawful use only, excluding therefore any other commercial use without the prior written consent of the Company,<\/li>\r\n<li>to provide, when relevant, personal data being true, up-to-date and accurate.<\/li>\r\n<\/ul>\r\n\r\n<p>Users may not in any way represent or act on behalf of the Company, its subsidiaries, its affiliates and their respective shareholders, officers, directors, employees.<\/p>\r\n\r\n<p>When using the Site, users must behave responsibly, lawfully, with courtesy and respectful towards other users, the Company, its subsidiaries, affiliates and third parties.<\/p>\r\n\r\n\r\n\r\n<p>User must notably refrain from:<\/p>\r\n\r\n\r\n\r\n<ul class=\"wp-block-list\">\r\n<li>uploading, displaying, sending by e-mail or by any other mean any file containing viruses, codes, text files, software or similar items which could disrupt, interrupt, destroy, damage or limit functionalities of any software, hardware or telecommunication material,<\/li>\r\n<li>disrupting or interrupting the Site, its servers or networks connected to the Site, or infringing the related requirements, procedures or rules,<\/li>\r\n<li>infringing (including any attempt) the Site functioning, notably by exposing the Site to viruses, creating an overload of consultation of the Site or its servers, sending &#8220;spams&#8221; or overloading the Site messaging system,<\/li>\r\n<li>consulting privileged or non public information or accessing a server or account for which the user is not expressly granted access to,<\/li>\r\n<li>trying to assess or test the Site vulnerability, breaching security or authentication measures of the Site without the prior written consent of the Company,<\/li>\r\n<li>conducting any illegal activity or any other activity likely to infringe rights of the Company, its subsidiaries, affiliates, providers (including technical providers and contractors), customers and third parties, as well as refrain from encouraging thirds to do so,<\/li>\r\n<li>uploading, displaying, posting, sending by e-mail or by any other mean any unsolicited or non-authorized commercial or promotional content, junk mails, spasm, chains or any other solicitation,<\/li>\r\n<li>uploading, displaying, sending by e-mail or by any other mean any illegal, detrimental, defamatory, offensive, racist, vulgar, obscene, threatening, violent, against decency, infringing third parties rights, chocking or disparaging content or the like,<\/li>\r\n<li>sending or forwarding by e-mail or by any other mean any content of the Site to people under the legal alcohol drinking and\/or purchasing age in their country\/region of residence.<\/li>\r\n<\/ul>\r\n\r\n<p>Each user must comply with any and all applicable regulations, laws and rules related to user\u2019s behavior on the Internet and transmission of technical data.<\/p>\r\n\r\n<p>When relevant, the Company reserves the right in its absolute discretion to terminate or withdraw any user\u2019s access to the Site without notice in case of breach of the user\u2019s obligations under these Terms &amp; Conditions and\/or ancillary documentation, without prejudice to claim damages to such defaulting user.<\/p>\r\n\r\n<p><strong>1.4 USER GENERATED CONTENT (WHEN APPLICABLE)<\/strong><\/p>\r\n\r\n<p>Users are solely liable of any content they may post or upload onto the Site and the consequences of disclosing, broadcasting, forwarding or making available such content. The Company does not adhere or approve any content, opinion, suggestion or notice generated by users and the Company declines any and all responsibility and liability in respect of any such content to the fullest extent permitted by applicable law.<\/p>\r\n\r\n<p>However, the Company reserves the right, but not the obligation, to monitor use of the Site and to remove any content which, in its sole discretion, would breach these Terms &amp; Conditions, may be offensive, illegal or otherwise objectionable in any way.<\/p>\r\n\r\n<p>User accepts that the Company may freely and peacefully use, at no cost and without any restriction, any content posted onto the Site in order to be displayed on the Site as well as to be displayed, reproduced on any other medium whatsoever, in the entire world, for the promotion and advertising of the Company, its products and services,<\/p>\r\n\r\n<p><strong>1.5 REPORT OF INAPPROPRIATE CONTENT<\/strong><\/p>\r\n\r\n<p>Users can report to the Company any inappropriate content by sending an e-mail to admin@arlaux.fr.<\/p>\r\n\r\n<p><strong>2. PROTECTION OF THE SITE CONTENT<\/strong><\/p>\r\n\r\n<p>The Site and each of its elements (including all text, images, web pages, sound, video, designs, trademarks, logos and other material on or accessible via the Site) as well as any software required to be used in relation to the former, data bases and newsletters (the &#8220;Content&#8221;), may contain confidential information and information that is protected by intellectual property rights or other legislations.<\/p>\r\n\r\n<p>Unless otherwise expressly stated on the Site, the Company exclusively owns all intellectual property rights related to the Content and the Company does not grant any user with any license or other right other than a right to view the Site.<\/p>\r\n\r\n<p>The reproduction of the Content (in whole or in part) of the Site is authorized for the sole purpose of information for a personal and private use. Any reproduction or use or other exploitation of Content for any other purposes (whatever the manner or the kind) is expressly prohibited.<\/p>\r\n\r\n<p>Users must not copy, modify, create derivative pieces of work, assemble, decompile, assign, sub-licence or transfer in any way any content of the Site or any material (including software) related to the Site.<\/p>\r\n\r\n<p><strong>3. PERSONAL DATA<\/strong><\/p>\r\n\r\n<p>The Company ensures the protection of personal information disclosed by users of the Site.<\/p>\r\n\r\n<p>The Company invites users to consult the Privacy &amp; Cookies Notice which indicates the provisions implemented to guarantee the treatment of personal data. Collection, processing, use, transmission, keeping and protection of users\u2019 personal information are governed by the\u00a0<a href=\"https:\/\/www.ruinart.com\/en-uk\/personal-data-cookies\">Privacy &amp; Cookies Notice<\/a>.<\/p>\r\n\r\n<p><strong>4. RESPONSIBILITY<\/strong><\/p>\r\n\r\n<p>The Company endeavors to ensure as far as possible, that the information provided on this Site is correct and up-to-date. However, the Company cannot guarantee the correctness, accuracy or exhaustiveness of the information provided on the Site.<\/p>\r\n\r\n\r\n\r\n<p>The Company allows free access to the Site and declines all responsibility and may not be held liable in any case:<\/p>\r\n\r\n\r\n\r\n<ul class=\"wp-block-list\">\r\n<li>for any interruption in provision of the Site or services accessible via the Site,<\/li>\r\n<li>for the occurrence of bugs, viruses and similar technical issues adversely affecting your ability to access this Site,<\/li>\r\n<li>for any inaccuracy, isolated and unforeseen error or omission relating to information or Content available on the Site,<\/li>\r\n<li>for any damage resulting from a fraudulent intrusion by a third party,<\/li>\r\n<li>and more generally, for any direct or indirect or consequential harm, loss or damage, whatever the cause, origin, nature or consequences, which may occur as a result of any type of access to the Site or any inability to access it or the credit given to any piece of information coming directly or indirectly from the latter.<\/li>\r\n<\/ul>\r\n\r\n<p><strong>5. GOVERNING LAW AND JURISDICTION ATTRIBUTION<\/strong><\/p>\r\n\r\n<p>These Terms &amp; Conditions (and the\u00a0<a href=\"https:\/\/www.ruinart.com\/en-uk\/personal-data-cookies\">Privacy &amp; Cookies Notice<\/a>) are governed by French law.<br \/>Unless imperative legal provision to the contrary, users and the Company hereby irrevocably submit to the exclusive jurisdiction of the competent courts of Paris (France) any claim or matter arising under or in connection with the Content or use of the Site, including in case of plurality of defendants or summary proceedings.<\/p>\r\n\r\n<p>[\/vc_column_text][\/vc_column][\/vc_row]<\/p><\/section>","protected":false},"excerpt":{"rendered":"<p>[vc_row row_type=&#8221;row&#8221; use_row_as_full_screen_section=&#8221;no&#8221; type=&#8221;full_width&#8221; text_align=&#8221;left&#8221; video=&#8221;&#8221; css_animation=&#8221;&#8221; box_shadow_on_row=&#8221;no&#8221;][vc_column][vc_single_image image=&#8221;2341&#8243; img_size=&#8221;180&#215;140&#8243; eltd_css_animation=&#8221;&#8221; css=&#8221;.vc_custom_1590605531949{padding-top: 5px !important;padding-left: 20px !important;}&#8221; el_class=&#8221;logo-arlaux&#8221;][\/vc_column][\/vc_row][vc_row row_type=&#8221;row&#8221; use_row_as_full_screen_section=&#8221;no&#8221; type=&#8221;full_width&#8221; text_align=&#8221;left&#8221; video=&#8221;&#8221; css_animation=&#8221;&#8221; box_shadow_on_row=&#8221;no&#8221; el_class=&#8221;terms-and-cookies-pages&#8221;][vc_column][vc_column_text] 1. EDITOR &#8211; CONTACT The arlaux.com website (the &#8220;Site&#8221;) is edited by ARLAUX SAS, a French company (soci\u00e9t\u00e9 par Actions&#8230;<\/p>\n","protected":false},"author":1,"featured_media":0,"parent":0,"menu_order":700,"comment_status":"closed","ping_status":"closed","template":"","meta":{"footnotes":""},"class_list":["post-1874","page","type-page","status-publish","hentry"],"yoast_head":"<!-- This site is optimized with the Yoast SEO plugin v25.1 - https:\/\/yoast.com\/wordpress\/plugins\/seo\/ -->\n<title>Terms &amp; conditions - Arlaux Champagne<\/title>\n<meta name=\"description\" content=\"Avec de fines bulles et des ar\u00f4mes d\u00e9licats, les Champagnes Arlaux sont uniques depuis 1826.L\u2019abus d\u2019alcool est dangereux pour la sant\u00e9. A consommer avec mod\u00e9ration.\" \/>\n<meta name=\"robots\" content=\"index, follow, max-snippet:-1, max-image-preview:large, max-video-preview:-1\" \/>\n<link rel=\"canonical\" href=\"https:\/\/arlaux.com\/en\/general-terms-of-use\/\" \/>\n<meta property=\"og:locale\" content=\"en_US\" \/>\n<meta property=\"og:type\" content=\"article\" \/>\n<meta property=\"og:title\" content=\"Terms &amp; conditions - Arlaux Champagne\" \/>\n<meta property=\"og:description\" content=\"Avec de fines bulles et des ar\u00f4mes d\u00e9licats, les Champagnes Arlaux sont uniques depuis 1826.L\u2019abus d\u2019alcool est dangereux pour la sant\u00e9. A consommer avec mod\u00e9ration.\" \/>\n<meta property=\"og:url\" content=\"https:\/\/arlaux.com\/en\/general-terms-of-use\/\" \/>\n<meta property=\"og:site_name\" content=\"Arlaux Champagne\" \/>\n<meta property=\"article:publisher\" content=\"https:\/\/twitter.com\/ArlauxChampagne\" \/>\n<meta property=\"article:modified_time\" content=\"2020-07-02T17:22:21+00:00\" \/>\n<meta name=\"twitter:card\" content=\"summary_large_image\" \/>\n<meta name=\"twitter:site\" content=\"@ArlauxChampagne\" \/>\n<meta name=\"twitter:label1\" content=\"Est. reading time\" \/>\n\t<meta name=\"twitter:data1\" content=\"9 minutes\" \/>\n<!-- \/ Yoast SEO plugin. -->","yoast_head_json":{"title":"Terms & conditions - Arlaux Champagne","description":"Avec de fines bulles et des ar\u00f4mes d\u00e9licats, les Champagnes Arlaux sont uniques depuis 1826.L\u2019abus d\u2019alcool est dangereux pour la sant\u00e9. A consommer avec mod\u00e9ration.","robots":{"index":"index","follow":"follow","max-snippet":"max-snippet:-1","max-image-preview":"max-image-preview:large","max-video-preview":"max-video-preview:-1"},"canonical":"https:\/\/arlaux.com\/en\/general-terms-of-use\/","og_locale":"en_US","og_type":"article","og_title":"Terms & conditions - Arlaux Champagne","og_description":"Avec de fines bulles et des ar\u00f4mes d\u00e9licats, les Champagnes Arlaux sont uniques depuis 1826.L\u2019abus d\u2019alcool est dangereux pour la sant\u00e9. A consommer avec mod\u00e9ration.","og_url":"https:\/\/arlaux.com\/en\/general-terms-of-use\/","og_site_name":"Arlaux Champagne","article_publisher":"https:\/\/twitter.com\/ArlauxChampagne","article_modified_time":"2020-07-02T17:22:21+00:00","twitter_card":"summary_large_image","twitter_site":"@ArlauxChampagne","twitter_misc":{"Est. reading time":"9 minutes"},"schema":{"@context":"https:\/\/schema.org","@graph":[{"@type":"WebPage","@id":"https:\/\/arlaux.com\/en\/general-terms-of-use\/","url":"https:\/\/arlaux.com\/en\/general-terms-of-use\/","name":"Terms & conditions - Arlaux Champagne","isPartOf":{"@id":"https:\/\/arlaux.com\/en\/#website"},"datePublished":"2020-04-24T20:33:16+00:00","dateModified":"2020-07-02T17:22:21+00:00","description":"Avec de fines bulles et des ar\u00f4mes d\u00e9licats, les Champagnes Arlaux sont uniques depuis 1826.L\u2019abus d\u2019alcool est dangereux pour la sant\u00e9. A consommer avec mod\u00e9ration.","breadcrumb":{"@id":"https:\/\/arlaux.com\/en\/general-terms-of-use\/#breadcrumb"},"inLanguage":"en-US","potentialAction":[{"@type":"ReadAction","target":["https:\/\/arlaux.com\/en\/general-terms-of-use\/"]}]},{"@type":"BreadcrumbList","@id":"https:\/\/arlaux.com\/en\/general-terms-of-use\/#breadcrumb","itemListElement":[{"@type":"ListItem","position":1,"name":"Home","item":"https:\/\/arlaux.com\/en\/"},{"@type":"ListItem","position":2,"name":"Terms &#038; conditions"}]},{"@type":"WebSite","@id":"https:\/\/arlaux.com\/en\/#website","url":"https:\/\/arlaux.com\/en\/","name":"Arlaux Champagne","description":"Premier Cru since 1826","publisher":{"@id":"https:\/\/arlaux.com\/en\/#organization"},"potentialAction":[{"@type":"SearchAction","target":{"@type":"EntryPoint","urlTemplate":"https:\/\/arlaux.com\/en\/?s={search_term_string}"},"query-input":{"@type":"PropertyValueSpecification","valueRequired":true,"valueName":"search_term_string"}}],"inLanguage":"en-US"},{"@type":"Organization","@id":"https:\/\/arlaux.com\/en\/#organization","name":"Arlaux Champagne","url":"https:\/\/arlaux.com\/en\/","logo":{"@type":"ImageObject","inLanguage":"en-US","@id":"https:\/\/arlaux.com\/en\/#\/schema\/logo\/image\/","url":"https:\/\/arlaux.com\/wp-content\/uploads\/2020\/09\/Logo-Arlaux-180E06-portfolo.png","contentUrl":"https:\/\/arlaux.com\/wp-content\/uploads\/2020\/09\/Logo-Arlaux-180E06-portfolo.png","width":185,"height":150,"caption":"Arlaux Champagne"},"image":{"@id":"https:\/\/arlaux.com\/en\/#\/schema\/logo\/image\/"},"sameAs":["https:\/\/twitter.com\/ArlauxChampagne","https:\/\/x.com\/ArlauxChampagne","https:\/\/www.instagram.com\/arlauxchampagneofficial\/?hl=fr"]}]}},"_links":{"self":[{"href":"https:\/\/arlaux.com\/en\/wp-json\/wp\/v2\/pages\/1874","targetHints":{"allow":["GET"]}}],"collection":[{"href":"https:\/\/arlaux.com\/en\/wp-json\/wp\/v2\/pages"}],"about":[{"href":"https:\/\/arlaux.com\/en\/wp-json\/wp\/v2\/types\/page"}],"author":[{"embeddable":true,"href":"https:\/\/arlaux.com\/en\/wp-json\/wp\/v2\/users\/1"}],"replies":[{"embeddable":true,"href":"https:\/\/arlaux.com\/en\/wp-json\/wp\/v2\/comments?post=1874"}],"version-history":[{"count":7,"href":"https:\/\/arlaux.com\/en\/wp-json\/wp\/v2\/pages\/1874\/revisions"}],"predecessor-version":[{"id":3204,"href":"https:\/\/arlaux.com\/en\/wp-json\/wp\/v2\/pages\/1874\/revisions\/3204"}],"wp:attachment":[{"href":"https:\/\/arlaux.com\/en\/wp-json\/wp\/v2\/media?parent=1874"}],"curies":[{"name":"wp","href":"https:\/\/api.w.org\/{rel}","templated":true}]}}